{"id":1821,"date":"2022-01-18T09:58:07","date_gmt":"2022-01-18T09:58:07","guid":{"rendered":"https:\/\/emecsol.com\/?page_id=1821"},"modified":"2022-01-18T10:04:43","modified_gmt":"2022-01-18T10:04:43","slug":"kartezyen-robot","status":"publish","type":"page","link":"https:\/\/emecsol.com\/en\/kartezyen-robot\/","title":{"rendered":"Kartezyen Robot"},"content":{"rendered":"<div data-elementor-type=\"wp-page\" data-elementor-id=\"1821\" class=\"elementor elementor-1821\">\n\t\t\t\t\t\t<section class=\"elementor-section elementor-top-section elementor-element elementor-element-61e3bdf elementor-section-boxed elementor-section-height-default elementor-section-height-default\" data-id=\"61e3bdf\" data-element_type=\"section\">\n\t\t\t\t\t\t<div class=\"elementor-container elementor-column-gap-default\">\n\t\t\t\t\t<div class=\"elementor-column elementor-col-100 elementor-top-column elementor-element elementor-element-9e68984\" data-id=\"9e68984\" data-element_type=\"column\">\n\t\t\t<div class=\"elementor-widget-wrap elementor-element-populated\">\n\t\t\t\t\t\t<div class=\"elementor-element elementor-element-eaa4062 elementor-widget elementor-widget-spacer\" data-id=\"eaa4062\" data-element_type=\"widget\" data-widget_type=\"spacer.default\">\n\t\t\t\t<div class=\"elementor-widget-container\">\n\t\t\t\t\t<div class=\"elementor-spacer\">\n\t\t\t<div class=\"elementor-spacer-inner\"><\/div>\n\t\t<\/div>\n\t\t\t\t<\/div>\n\t\t\t\t<\/div>\n\t\t\t\t\t<\/div>\n\t\t<\/div>\n\t\t\t\t\t<\/div>\n\t\t<\/section>\n\t\t\t\t<section class=\"elementor-section elementor-top-section elementor-element elementor-element-1cdda91 elementor-section-boxed elementor-section-height-default elementor-section-height-default\" data-id=\"1cdda91\" data-element_type=\"section\">\n\t\t\t\t\t\t<div class=\"elementor-container elementor-column-gap-default\">\n\t\t\t\t\t<div class=\"elementor-column elementor-col-100 elementor-top-column elementor-element elementor-element-4fafd05\" data-id=\"4fafd05\" data-element_type=\"column\">\n\t\t\t<div class=\"elementor-widget-wrap elementor-element-populated\">\n\t\t\t\t\t\t<div class=\"elementor-element elementor-element-93c5bf8 elementor-widget elementor-widget-heading\" data-id=\"93c5bf8\" data-element_type=\"widget\" data-widget_type=\"heading.default\">\n\t\t\t\t<div class=\"elementor-widget-container\">\n\t\t\t<h2 class=\"elementor-heading-title elementor-size-default\">Kartezyen Robot Projeleri<\/h2>\t\t<\/div>\n\t\t\t\t<\/div>\n\t\t\t\t\t<\/div>\n\t\t<\/div>\n\t\t\t\t\t<\/div>\n\t\t<\/section>\n\t\t\t\t<section class=\"elementor-section elementor-top-section elementor-element elementor-element-eee9579 elementor-section-boxed elementor-section-height-default elementor-section-height-default\" data-id=\"eee9579\" data-element_type=\"section\">\n\t\t\t\t\t\t<div class=\"elementor-container elementor-column-gap-default\">\n\t\t\t\t\t<div class=\"elementor-column elementor-col-100 elementor-top-column elementor-element elementor-element-a164749\" data-id=\"a164749\" data-element_type=\"column\">\n\t\t\t<div class=\"elementor-widget-wrap elementor-element-populated\">\n\t\t\t\t\t\t<div class=\"elementor-element elementor-element-e7d1955 elementor-widget-divider--view-line elementor-widget elementor-widget-divider\" data-id=\"e7d1955\" data-element_type=\"widget\" data-widget_type=\"divider.default\">\n\t\t\t\t<div class=\"elementor-widget-container\">\n\t\t\t\t\t<div class=\"elementor-divider\">\n\t\t\t<span class=\"elementor-divider-separator\">\n\t\t\t\t\t\t<\/span>\n\t\t<\/div>\n\t\t\t\t<\/div>\n\t\t\t\t<\/div>\n\t\t\t\t\t<\/div>\n\t\t<\/div>\n\t\t\t\t\t<\/div>\n\t\t<\/section>\n\t\t\t\t<section class=\"elementor-section elementor-top-section elementor-element elementor-element-139a0c2 elementor-section-boxed elementor-section-height-default elementor-section-height-default\" data-id=\"139a0c2\" data-element_type=\"section\">\n\t\t\t\t\t\t<div class=\"elementor-container elementor-column-gap-default\">\n\t\t\t\t\t<div class=\"elementor-column elementor-col-50 elementor-top-column elementor-element elementor-element-5b0fd3a\" data-id=\"5b0fd3a\" data-element_type=\"column\">\n\t\t\t<div class=\"elementor-widget-wrap elementor-element-populated\">\n\t\t\t\t\t\t<div class=\"elementor-element elementor-element-446f403 elementor-widget elementor-widget-image\" data-id=\"446f403\" data-element_type=\"widget\" data-widget_type=\"image.default\">\n\t\t\t\t<div class=\"elementor-widget-container\">\n\t\t\t\t\t\t\t\t\t\t\t\t\t<img fetchpriority=\"high\" decoding=\"async\" width=\"812\" height=\"469\" src=\"https:\/\/emecsol.com\/wp-content\/uploads\/2021\/12\/Kartezyen-Robot-1-1024x591.png\" class=\"attachment-large size-large wp-image-1688\" alt=\"Kartezyen Robot\" srcset=\"https:\/\/emecsol.com\/wp-content\/uploads\/2021\/12\/Kartezyen-Robot-1-1024x591.png 1024w, https:\/\/emecsol.com\/wp-content\/uploads\/2021\/12\/Kartezyen-Robot-1-300x173.png 300w, https:\/\/emecsol.com\/wp-content\/uploads\/2021\/12\/Kartezyen-Robot-1-768x443.png 768w, https:\/\/emecsol.com\/wp-content\/uploads\/2021\/12\/Kartezyen-Robot-1-18x10.png 18w, https:\/\/emecsol.com\/wp-content\/uploads\/2021\/12\/Kartezyen-Robot-1.png 1046w\" sizes=\"(max-width: 812px) 100vw, 812px\" \/>\t\t\t\t\t\t\t\t\t\t\t\t\t<\/div>\n\t\t\t\t<\/div>\n\t\t\t\t\t<\/div>\n\t\t<\/div>\n\t\t\t\t<div class=\"elementor-column elementor-col-50 elementor-top-column elementor-element elementor-element-20a6bad\" data-id=\"20a6bad\" data-element_type=\"column\">\n\t\t\t<div class=\"elementor-widget-wrap elementor-element-populated\">\n\t\t\t\t\t\t<div class=\"elementor-element elementor-element-be66a90 elementor-widget elementor-widget-text-editor\" data-id=\"be66a90\" data-element_type=\"widget\" data-widget_type=\"text-editor.default\">\n\t\t\t\t<div class=\"elementor-widget-container\">\n\t\t\t\t\t\t\t<p>Rulodan a\u00e7\u0131lan saclar\u0131n prese girmeden \u00f6nce takip ve kalite analizi i\u00e7in lazer yaz\u0131c\u0131 ile QR kod ve sonras\u0131nda kamera ile okunmas\u0131n\u0131 sa\u011flayacak olan kartezyen robot sistemi. Sac \u00fczerindeki dalgalanmalar\u0131 ve presin olu\u015fturdu\u011fu titre\u015fimden kaynaklanan yazma ve okuma problemlerini bu yeni tasar\u0131m ile tamamen s\u00f6n\u00fcmleyerek h\u0131zl\u0131 ve do\u011fru yaz\u0131m yapan sonras\u0131nda kamera kontrol\u00fc ile do\u011frulu\u011funu kontrol eden \u00f6zel ama\u00e7l\u0131 kartezyen robot sistemi.<\/p><p>\u00d6zel ama\u00e7l\u0131 olarak plastik enjeksiyondan, demir \u00e7elik sekt\u00f6r\u00fcne kadar bir \u00e7ok sekt\u00f6re uygun h\u0131z, tolerans ve hassasiyet ile \u00e7al\u0131\u015fabilen \u00e7ok eksenli y\u00fckleme bo\u015faltma, yaz\u0131 yazma ve okuma i\u015flemleri gibi bir \u00e7ok s\u00fcrecinizi ger\u00e7ekle\u015ftirebilecek \u015fekilde tasarlanabilmektedir.<\/p>\t\t\t\t\t\t<\/div>\n\t\t\t\t<\/div>\n\t\t\t\t\t<\/div>\n\t\t<\/div>\n\t\t\t\t\t<\/div>\n\t\t<\/section>\n\t\t\t\t<section class=\"elementor-section elementor-top-section elementor-element elementor-element-97d257b elementor-section-boxed elementor-section-height-default elementor-section-height-default\" data-id=\"97d257b\" data-element_type=\"section\">\n\t\t\t\t\t\t<div class=\"elementor-container elementor-column-gap-default\">\n\t\t\t\t\t<div class=\"elementor-column elementor-col-100 elementor-top-column elementor-element elementor-element-1903862\" data-id=\"1903862\" data-element_type=\"column\">\n\t\t\t<div class=\"elementor-widget-wrap elementor-element-populated\">\n\t\t\t\t\t\t<div class=\"elementor-element elementor-element-5bca19a elementor-widget elementor-widget-spacer\" data-id=\"5bca19a\" data-element_type=\"widget\" data-widget_type=\"spacer.default\">\n\t\t\t\t<div class=\"elementor-widget-container\">\n\t\t\t\t\t<div class=\"elementor-spacer\">\n\t\t\t<div class=\"elementor-spacer-inner\"><\/div>\n\t\t<\/div>\n\t\t\t\t<\/div>\n\t\t\t\t<\/div>\n\t\t\t\t\t<\/div>\n\t\t<\/div>\n\t\t\t\t\t<\/div>\n\t\t<\/section>\n\t\t\t\t<section class=\"elementor-section elementor-top-section elementor-element elementor-element-4c1adc4 elementor-section-boxed elementor-section-height-default elementor-section-height-default\" data-id=\"4c1adc4\" data-element_type=\"section\" data-settings=\"{&quot;background_background&quot;:&quot;gradient&quot;}\">\n\t\t\t\t\t\t<div class=\"elementor-container elementor-column-gap-no\">\n\t\t\t\t\t<div class=\"elementor-column elementor-col-50 elementor-top-column elementor-element elementor-element-10aaa71\" data-id=\"10aaa71\" data-element_type=\"column\">\n\t\t\t<div class=\"elementor-widget-wrap elementor-element-populated\">\n\t\t\t\t\t\t<div class=\"elementor-element elementor-element-185bb68 elementor-align-center elementor-mobile-align-center elementor-widget elementor-widget-button\" data-id=\"185bb68\" data-element_type=\"widget\" data-widget_type=\"button.default\">\n\t\t\t\t<div class=\"elementor-widget-container\">\n\t\t\t\t\t<div class=\"elementor-button-wrapper\">\n\t\t\t<a class=\"elementor-button elementor-button-link elementor-size-sm elementor-animation-grow\" href=\"https:\/\/emecsol.com\/en\/iletisim\/\">\n\t\t\t\t\t\t<span class=\"elementor-button-content-wrapper\">\n\t\t\t\t\t\t\t\t\t<span class=\"elementor-button-text\">Contact Us<\/span>\n\t\t\t\t\t<\/span>\n\t\t\t\t\t<\/a>\n\t\t<\/div>\n\t\t\t\t<\/div>\n\t\t\t\t<\/div>\n\t\t\t\t\t<\/div>\n\t\t<\/div>\n\t\t\t\t<div class=\"elementor-column elementor-col-50 elementor-top-column elementor-element elementor-element-ddda7fa\" data-id=\"ddda7fa\" data-element_type=\"column\">\n\t\t\t<div class=\"elementor-widget-wrap elementor-element-populated\">\n\t\t\t\t\t\t<div class=\"elementor-element elementor-element-b7f798e elementor-widget elementor-widget-heading\" data-id=\"b7f798e\" data-element_type=\"widget\" data-widget_type=\"heading.default\">\n\t\t\t\t<div class=\"elementor-widget-container\">\n\t\t\t<h3 class=\"elementor-heading-title elementor-size-default\">Contact us immediately for detailed information.<\/h3>\t\t<\/div>\n\t\t\t\t<\/div>\n\t\t\t\t<div class=\"elementor-element elementor-element-d1b7e57 elementor-widget elementor-widget-text-editor\" data-id=\"d1b7e57\" data-element_type=\"widget\" data-widget_type=\"text-editor.default\">\n\t\t\t\t<div class=\"elementor-widget-container\">\n\t\t\t\t\t\t\t<p>We offer you the most suitable solutions by analyzing every single one of your processes, from infrastructure to design, from product selection to their implementation. You can get 24\/7 support for the solutions we offer.<\/p>\t\t\t\t\t\t<\/div>\n\t\t\t\t<\/div>\n\t\t\t\t\t<\/div>\n\t\t<\/div>\n\t\t\t\t\t<\/div>\n\t\t<\/section>\n\t\t\t\t<\/div>","protected":false},"excerpt":{"rendered":"<p>Kartezyen Robot Projeleri Rulodan a\u00e7\u0131lan saclar\u0131n prese girmeden \u00f6nce takip ve kalite analizi i\u00e7in lazer yaz\u0131c\u0131 ile QR kod ve sonras\u0131nda kamera ile okunmas\u0131n\u0131 sa\u011flayacak olan kartezyen robot sistemi. Sac \u00fczerindeki dalgalanmalar\u0131 ve presin olu\u015fturdu\u011fu titre\u015fimden kaynaklanan yazma ve okuma problemlerini bu yeni tasar\u0131m ile tamamen s\u00f6n\u00fcmleyerek h\u0131zl\u0131 ve do\u011fru yaz\u0131m yapan sonras\u0131nda kamera kontrol\u00fc [&hellip;]<\/p>","protected":false},"author":1,"featured_media":1688,"parent":0,"menu_order":0,"comment_status":"closed","ping_status":"closed","template":"elementor_header_footer","meta":{"footnotes":""},"yoast_head":"<!-- This site is optimized with the Yoast SEO plugin v23.5 - https:\/\/yoast.com\/wordpress\/plugins\/seo\/ -->\n<title>Kartezyen Robot - EMECSOL<\/title>\n<meta name=\"description\" content=\"Lazer ile yaz\u0131 yazma ve titre\u015fim kaynakl\u0131 problemlerin \u00f6n\u00fcne ge\u00e7ebilen istenilen h\u0131zlarda \u00e7al\u0131\u015fan \u00f6zel tasar\u0131m kartezyen robot projemiz.\" \/>\n<meta name=\"robots\" content=\"index, follow, max-snippet:-1, max-image-preview:large, max-video-preview:-1\" \/>\n<link rel=\"canonical\" href=\"https:\/\/emecsol.com\/en\/kartezyen-robot\/\" \/>\n<meta property=\"og:locale\" content=\"en_GB\" \/>\n<meta property=\"og:type\" content=\"article\" \/>\n<meta property=\"og:title\" content=\"Kartezyen Robot - EMECSOL\" \/>\n<meta property=\"og:description\" content=\"Lazer ile yaz\u0131 yazma ve titre\u015fim kaynakl\u0131 problemlerin \u00f6n\u00fcne ge\u00e7ebilen istenilen h\u0131zlarda \u00e7al\u0131\u015fan \u00f6zel tasar\u0131m kartezyen robot projemiz.\" \/>\n<meta property=\"og:url\" content=\"https:\/\/emecsol.com\/en\/kartezyen-robot\/\" \/>\n<meta property=\"og:site_name\" content=\"EMECSOL\" \/>\n<meta property=\"article:publisher\" content=\"https:\/\/www.facebook.com\/Emecsol-102837495112945\/\" \/>\n<meta property=\"article:modified_time\" content=\"2022-01-18T10:04:43+00:00\" \/>\n<meta property=\"og:image\" content=\"https:\/\/emecsol.com\/wp-content\/uploads\/2021\/12\/Kartezyen-Robot-1.png\" \/>\n\t<meta property=\"og:image:width\" content=\"1046\" \/>\n\t<meta property=\"og:image:height\" content=\"604\" \/>\n\t<meta property=\"og:image:type\" content=\"image\/png\" \/>\n<meta name=\"twitter:card\" content=\"summary_large_image\" \/>\n<meta name=\"twitter:label1\" content=\"Estimated reading time\" \/>\n\t<meta name=\"twitter:data1\" content=\"1 minute\" \/>\n<script type=\"application\/ld+json\" class=\"yoast-schema-graph\">{\"@context\":\"https:\/\/schema.org\",\"@graph\":[{\"@type\":\"WebPage\",\"@id\":\"https:\/\/emecsol.com\/kartezyen-robot\/\",\"url\":\"https:\/\/emecsol.com\/kartezyen-robot\/\",\"name\":\"Kartezyen Robot - EMECSOL\",\"isPartOf\":{\"@id\":\"https:\/\/emecsol.com\/#website\"},\"primaryImageOfPage\":{\"@id\":\"https:\/\/emecsol.com\/kartezyen-robot\/#primaryimage\"},\"image\":{\"@id\":\"https:\/\/emecsol.com\/kartezyen-robot\/#primaryimage\"},\"thumbnailUrl\":\"https:\/\/emecsol.com\/wp-content\/uploads\/2021\/12\/Kartezyen-Robot-1.png\",\"datePublished\":\"2022-01-18T09:58:07+00:00\",\"dateModified\":\"2022-01-18T10:04:43+00:00\",\"description\":\"Lazer ile yaz\u0131 yazma ve titre\u015fim kaynakl\u0131 problemlerin \u00f6n\u00fcne ge\u00e7ebilen istenilen h\u0131zlarda \u00e7al\u0131\u015fan \u00f6zel tasar\u0131m kartezyen robot projemiz.\",\"breadcrumb\":{\"@id\":\"https:\/\/emecsol.com\/kartezyen-robot\/#breadcrumb\"},\"inLanguage\":\"en-GB\",\"potentialAction\":[{\"@type\":\"ReadAction\",\"target\":[\"https:\/\/emecsol.com\/kartezyen-robot\/\"]}]},{\"@type\":\"ImageObject\",\"inLanguage\":\"en-GB\",\"@id\":\"https:\/\/emecsol.com\/kartezyen-robot\/#primaryimage\",\"url\":\"https:\/\/emecsol.com\/wp-content\/uploads\/2021\/12\/Kartezyen-Robot-1.png\",\"contentUrl\":\"https:\/\/emecsol.com\/wp-content\/uploads\/2021\/12\/Kartezyen-Robot-1.png\",\"width\":1046,\"height\":604,\"caption\":\"Kartezyen Robot\"},{\"@type\":\"BreadcrumbList\",\"@id\":\"https:\/\/emecsol.com\/kartezyen-robot\/#breadcrumb\",\"itemListElement\":[{\"@type\":\"ListItem\",\"position\":1,\"name\":\"Anasayfa\",\"item\":\"https:\/\/emecsol.com\/\"},{\"@type\":\"ListItem\",\"position\":2,\"name\":\"Kartezyen Robot\"}]},{\"@type\":\"WebSite\",\"@id\":\"https:\/\/emecsol.com\/#website\",\"url\":\"https:\/\/emecsol.com\/\",\"name\":\"EMECSOL\",\"description\":\"Empower your future\",\"publisher\":{\"@id\":\"https:\/\/emecsol.com\/#organization\"},\"potentialAction\":[{\"@type\":\"SearchAction\",\"target\":{\"@type\":\"EntryPoint\",\"urlTemplate\":\"https:\/\/emecsol.com\/?s={search_term_string}\"},\"query-input\":{\"@type\":\"PropertyValueSpecification\",\"valueRequired\":true,\"valueName\":\"search_term_string\"}}],\"inLanguage\":\"en-GB\"},{\"@type\":\"Organization\",\"@id\":\"https:\/\/emecsol.com\/#organization\",\"name\":\"EMECSOL Empower Your Future\",\"url\":\"https:\/\/emecsol.com\/\",\"logo\":{\"@type\":\"ImageObject\",\"inLanguage\":\"en-GB\",\"@id\":\"https:\/\/emecsol.com\/#\/schema\/logo\/image\/\",\"url\":\"http:\/\/emecsol.com\/wp-content\/uploads\/2021\/04\/EMECSOL-1.png\",\"contentUrl\":\"http:\/\/emecsol.com\/wp-content\/uploads\/2021\/04\/EMECSOL-1.png\",\"width\":861,\"height\":143,\"caption\":\"EMECSOL Empower Your Future\"},\"image\":{\"@id\":\"https:\/\/emecsol.com\/#\/schema\/logo\/image\/\"},\"sameAs\":[\"https:\/\/www.facebook.com\/Emecsol-102837495112945\/\",\"https:\/\/www.instagram.com\/emec.sol\/\",\"https:\/\/www.linkedin.com\/company\/emecsol\/\"]}]}<\/script>\n<!-- \/ Yoast SEO plugin. -->","yoast_head_json":{"title":"Kartezyen Robot - EMECSOL","description":"Lazer ile yaz\u0131 yazma ve titre\u015fim kaynakl\u0131 problemlerin \u00f6n\u00fcne ge\u00e7ebilen istenilen h\u0131zlarda \u00e7al\u0131\u015fan \u00f6zel tasar\u0131m kartezyen robot projemiz.","robots":{"index":"index","follow":"follow","max-snippet":"max-snippet:-1","max-image-preview":"max-image-preview:large","max-video-preview":"max-video-preview:-1"},"canonical":"https:\/\/emecsol.com\/en\/kartezyen-robot\/","og_locale":"en_GB","og_type":"article","og_title":"Kartezyen Robot - EMECSOL","og_description":"Lazer ile yaz\u0131 yazma ve titre\u015fim kaynakl\u0131 problemlerin \u00f6n\u00fcne ge\u00e7ebilen istenilen h\u0131zlarda \u00e7al\u0131\u015fan \u00f6zel tasar\u0131m kartezyen robot projemiz.","og_url":"https:\/\/emecsol.com\/en\/kartezyen-robot\/","og_site_name":"EMECSOL","article_publisher":"https:\/\/www.facebook.com\/Emecsol-102837495112945\/","article_modified_time":"2022-01-18T10:04:43+00:00","og_image":[{"width":1046,"height":604,"url":"https:\/\/emecsol.com\/wp-content\/uploads\/2021\/12\/Kartezyen-Robot-1.png","type":"image\/png"}],"twitter_card":"summary_large_image","twitter_misc":{"Estimated reading time":"1 minute"},"schema":{"@context":"https:\/\/schema.org","@graph":[{"@type":"WebPage","@id":"https:\/\/emecsol.com\/kartezyen-robot\/","url":"https:\/\/emecsol.com\/kartezyen-robot\/","name":"Kartezyen Robot - EMECSOL","isPartOf":{"@id":"https:\/\/emecsol.com\/#website"},"primaryImageOfPage":{"@id":"https:\/\/emecsol.com\/kartezyen-robot\/#primaryimage"},"image":{"@id":"https:\/\/emecsol.com\/kartezyen-robot\/#primaryimage"},"thumbnailUrl":"https:\/\/emecsol.com\/wp-content\/uploads\/2021\/12\/Kartezyen-Robot-1.png","datePublished":"2022-01-18T09:58:07+00:00","dateModified":"2022-01-18T10:04:43+00:00","description":"Lazer ile yaz\u0131 yazma ve titre\u015fim kaynakl\u0131 problemlerin \u00f6n\u00fcne ge\u00e7ebilen istenilen h\u0131zlarda \u00e7al\u0131\u015fan \u00f6zel tasar\u0131m kartezyen robot projemiz.","breadcrumb":{"@id":"https:\/\/emecsol.com\/kartezyen-robot\/#breadcrumb"},"inLanguage":"en-GB","potentialAction":[{"@type":"ReadAction","target":["https:\/\/emecsol.com\/kartezyen-robot\/"]}]},{"@type":"ImageObject","inLanguage":"en-GB","@id":"https:\/\/emecsol.com\/kartezyen-robot\/#primaryimage","url":"https:\/\/emecsol.com\/wp-content\/uploads\/2021\/12\/Kartezyen-Robot-1.png","contentUrl":"https:\/\/emecsol.com\/wp-content\/uploads\/2021\/12\/Kartezyen-Robot-1.png","width":1046,"height":604,"caption":"Kartezyen Robot"},{"@type":"BreadcrumbList","@id":"https:\/\/emecsol.com\/kartezyen-robot\/#breadcrumb","itemListElement":[{"@type":"ListItem","position":1,"name":"Anasayfa","item":"https:\/\/emecsol.com\/"},{"@type":"ListItem","position":2,"name":"Kartezyen Robot"}]},{"@type":"WebSite","@id":"https:\/\/emecsol.com\/#website","url":"https:\/\/emecsol.com\/","name":"EMECSOL","description":"Empower your future","publisher":{"@id":"https:\/\/emecsol.com\/#organization"},"potentialAction":[{"@type":"SearchAction","target":{"@type":"EntryPoint","urlTemplate":"https:\/\/emecsol.com\/?s={search_term_string}"},"query-input":{"@type":"PropertyValueSpecification","valueRequired":true,"valueName":"search_term_string"}}],"inLanguage":"en-GB"},{"@type":"Organization","@id":"https:\/\/emecsol.com\/#organization","name":"EMECSOL Empower Your Future","url":"https:\/\/emecsol.com\/","logo":{"@type":"ImageObject","inLanguage":"en-GB","@id":"https:\/\/emecsol.com\/#\/schema\/logo\/image\/","url":"http:\/\/emecsol.com\/wp-content\/uploads\/2021\/04\/EMECSOL-1.png","contentUrl":"http:\/\/emecsol.com\/wp-content\/uploads\/2021\/04\/EMECSOL-1.png","width":861,"height":143,"caption":"EMECSOL Empower Your Future"},"image":{"@id":"https:\/\/emecsol.com\/#\/schema\/logo\/image\/"},"sameAs":["https:\/\/www.facebook.com\/Emecsol-102837495112945\/","https:\/\/www.instagram.com\/emec.sol\/","https:\/\/www.linkedin.com\/company\/emecsol\/"]}]}},"_links":{"self":[{"href":"https:\/\/emecsol.com\/en\/wp-json\/wp\/v2\/pages\/1821"}],"collection":[{"href":"https:\/\/emecsol.com\/en\/wp-json\/wp\/v2\/pages"}],"about":[{"href":"https:\/\/emecsol.com\/en\/wp-json\/wp\/v2\/types\/page"}],"author":[{"embeddable":true,"href":"https:\/\/emecsol.com\/en\/wp-json\/wp\/v2\/users\/1"}],"replies":[{"embeddable":true,"href":"https:\/\/emecsol.com\/en\/wp-json\/wp\/v2\/comments?post=1821"}],"version-history":[{"count":4,"href":"https:\/\/emecsol.com\/en\/wp-json\/wp\/v2\/pages\/1821\/revisions"}],"predecessor-version":[{"id":1825,"href":"https:\/\/emecsol.com\/en\/wp-json\/wp\/v2\/pages\/1821\/revisions\/1825"}],"wp:featuredmedia":[{"embeddable":true,"href":"https:\/\/emecsol.com\/en\/wp-json\/wp\/v2\/media\/1688"}],"wp:attachment":[{"href":"https:\/\/emecsol.com\/en\/wp-json\/wp\/v2\/media?parent=1821"}],"curies":[{"name":"wp","href":"https:\/\/api.w.org\/{rel}","templated":true}]}}