{"id":1811,"date":"2022-01-18T09:44:11","date_gmt":"2022-01-18T09:44:11","guid":{"rendered":"https:\/\/emecsol.com\/?page_id=1811"},"modified":"2022-01-18T09:53:12","modified_gmt":"2022-01-18T09:53:12","slug":"inline-reduktor","status":"publish","type":"page","link":"https:\/\/emecsol.com\/en\/inline-reduktor\/","title":{"rendered":"Inline Red\u00fckt\u00f6r"},"content":{"rendered":"<div data-elementor-type=\"wp-page\" data-elementor-id=\"1811\" class=\"elementor elementor-1811\">\n\t\t\t\t\t\t<section class=\"elementor-section elementor-top-section elementor-element elementor-element-074bf47 elementor-section-boxed elementor-section-height-default elementor-section-height-default\" data-id=\"074bf47\" data-element_type=\"section\">\n\t\t\t\t\t\t<div class=\"elementor-container elementor-column-gap-default\">\n\t\t\t\t\t<div class=\"elementor-column elementor-col-100 elementor-top-column elementor-element elementor-element-23d5792\" data-id=\"23d5792\" data-element_type=\"column\">\n\t\t\t<div class=\"elementor-widget-wrap elementor-element-populated\">\n\t\t\t\t\t\t<div class=\"elementor-element elementor-element-df4451b elementor-widget elementor-widget-spacer\" data-id=\"df4451b\" data-element_type=\"widget\" data-widget_type=\"spacer.default\">\n\t\t\t\t<div class=\"elementor-widget-container\">\n\t\t\t\t\t<div class=\"elementor-spacer\">\n\t\t\t<div class=\"elementor-spacer-inner\"><\/div>\n\t\t<\/div>\n\t\t\t\t<\/div>\n\t\t\t\t<\/div>\n\t\t\t\t\t<\/div>\n\t\t<\/div>\n\t\t\t\t\t<\/div>\n\t\t<\/section>\n\t\t\t\t<section class=\"elementor-section elementor-top-section elementor-element elementor-element-32d03b4 elementor-section-boxed elementor-section-height-default elementor-section-height-default\" data-id=\"32d03b4\" data-element_type=\"section\">\n\t\t\t\t\t\t<div class=\"elementor-container elementor-column-gap-default\">\n\t\t\t\t\t<div class=\"elementor-column elementor-col-100 elementor-top-column elementor-element elementor-element-2f5b4d8\" data-id=\"2f5b4d8\" data-element_type=\"column\">\n\t\t\t<div class=\"elementor-widget-wrap elementor-element-populated\">\n\t\t\t\t\t\t<div class=\"elementor-element elementor-element-d65c32d elementor-widget elementor-widget-heading\" data-id=\"d65c32d\" data-element_type=\"widget\" data-widget_type=\"heading.default\">\n\t\t\t\t<div class=\"elementor-widget-container\">\n\t\t\t<h2 class=\"elementor-heading-title elementor-size-default\">Inline Red\u00fckt\u00f6r<\/h2>\t\t<\/div>\n\t\t\t\t<\/div>\n\t\t\t\t\t<\/div>\n\t\t<\/div>\n\t\t\t\t\t<\/div>\n\t\t<\/section>\n\t\t\t\t<section class=\"elementor-section elementor-top-section elementor-element elementor-element-1f8c3ab elementor-section-boxed elementor-section-height-default elementor-section-height-default\" data-id=\"1f8c3ab\" data-element_type=\"section\">\n\t\t\t\t\t\t<div class=\"elementor-container elementor-column-gap-default\">\n\t\t\t\t\t<div class=\"elementor-column elementor-col-100 elementor-top-column elementor-element elementor-element-3c8a43e\" data-id=\"3c8a43e\" data-element_type=\"column\">\n\t\t\t<div class=\"elementor-widget-wrap elementor-element-populated\">\n\t\t\t\t\t\t<div class=\"elementor-element elementor-element-0f00951 elementor-widget-divider--view-line elementor-widget elementor-widget-divider\" data-id=\"0f00951\" data-element_type=\"widget\" data-widget_type=\"divider.default\">\n\t\t\t\t<div class=\"elementor-widget-container\">\n\t\t\t\t\t<div class=\"elementor-divider\">\n\t\t\t<span class=\"elementor-divider-separator\">\n\t\t\t\t\t\t<\/span>\n\t\t<\/div>\n\t\t\t\t<\/div>\n\t\t\t\t<\/div>\n\t\t\t\t\t<\/div>\n\t\t<\/div>\n\t\t\t\t\t<\/div>\n\t\t<\/section>\n\t\t\t\t<section class=\"elementor-section elementor-top-section elementor-element elementor-element-adfe9d3 elementor-section-boxed elementor-section-height-default elementor-section-height-default\" data-id=\"adfe9d3\" data-element_type=\"section\">\n\t\t\t\t\t\t<div class=\"elementor-container elementor-column-gap-default\">\n\t\t\t\t\t<div class=\"elementor-column elementor-col-50 elementor-top-column elementor-element elementor-element-5bce04a\" data-id=\"5bce04a\" data-element_type=\"column\">\n\t\t\t<div class=\"elementor-widget-wrap elementor-element-populated\">\n\t\t\t\t\t\t<div class=\"elementor-element elementor-element-cac7dfd elementor-widget elementor-widget-image\" data-id=\"cac7dfd\" data-element_type=\"widget\" data-widget_type=\"image.default\">\n\t\t\t\t<div class=\"elementor-widget-container\">\n\t\t\t\t\t\t\t\t\t\t\t\t\t<img fetchpriority=\"high\" decoding=\"async\" width=\"735\" height=\"503\" src=\"https:\/\/emecsol.com\/wp-content\/uploads\/2022\/01\/Inline-Reduktor.png\" class=\"attachment-large size-large wp-image-1812\" alt=\"Inline Red\u00fckt\u00f6r\" srcset=\"https:\/\/emecsol.com\/wp-content\/uploads\/2022\/01\/Inline-Reduktor.png 735w, https:\/\/emecsol.com\/wp-content\/uploads\/2022\/01\/Inline-Reduktor-300x205.png 300w, https:\/\/emecsol.com\/wp-content\/uploads\/2022\/01\/Inline-Reduktor-18x12.png 18w\" sizes=\"(max-width: 735px) 100vw, 735px\" \/>\t\t\t\t\t\t\t\t\t\t\t\t\t<\/div>\n\t\t\t\t<\/div>\n\t\t\t\t\t<\/div>\n\t\t<\/div>\n\t\t\t\t<div class=\"elementor-column elementor-col-50 elementor-top-column elementor-element elementor-element-b350c68\" data-id=\"b350c68\" data-element_type=\"column\">\n\t\t\t<div class=\"elementor-widget-wrap elementor-element-populated\">\n\t\t\t\t\t\t<div class=\"elementor-element elementor-element-1165797 elementor-widget elementor-widget-text-editor\" data-id=\"1165797\" data-element_type=\"widget\" data-widget_type=\"text-editor.default\">\n\t\t\t\t<div class=\"elementor-widget-container\">\n\t\t\t\t\t\t\t<p>Proje ihtiya\u00e7lar\u0131 ve \u00f6l\u00e7\u00fclere g\u00f6re g\u00f6vdesi tasarlanabilen istenilen mutlak tahvil oran\u0131na sahip her iki y\u00f6nden motor ba\u011flant\u0131 imkan\u0131 veren 180 dereceye g\u00fc\u00e7 aktar\u0131m\u0131n sa\u011flayan inline red\u00fckt\u00f6r projemiz.<\/p><p>Standart red\u00fckt\u00f6r \u00fcreticilerinin \u00f6l\u00e7\u00fclerinin uygun olmad\u0131\u011f\u0131 veya ekstra olarak ihtiya\u00e7 duyulan \u00f6zelliklerin talep edildi\u011fi projelerde ihtiyac\u0131n\u0131za uygun tasarlanabilmektedir.<\/p>\t\t\t\t\t\t<\/div>\n\t\t\t\t<\/div>\n\t\t\t\t\t<\/div>\n\t\t<\/div>\n\t\t\t\t\t<\/div>\n\t\t<\/section>\n\t\t\t\t<section class=\"elementor-section elementor-top-section elementor-element elementor-element-85a2e98 elementor-section-boxed elementor-section-height-default elementor-section-height-default\" data-id=\"85a2e98\" data-element_type=\"section\">\n\t\t\t\t\t\t<div class=\"elementor-container elementor-column-gap-default\">\n\t\t\t\t\t<div class=\"elementor-column elementor-col-100 elementor-top-column elementor-element elementor-element-2f673fa\" data-id=\"2f673fa\" data-element_type=\"column\">\n\t\t\t<div class=\"elementor-widget-wrap elementor-element-populated\">\n\t\t\t\t\t\t<div class=\"elementor-element elementor-element-24f5ef7 elementor-widget elementor-widget-spacer\" data-id=\"24f5ef7\" data-element_type=\"widget\" data-widget_type=\"spacer.default\">\n\t\t\t\t<div class=\"elementor-widget-container\">\n\t\t\t\t\t<div class=\"elementor-spacer\">\n\t\t\t<div class=\"elementor-spacer-inner\"><\/div>\n\t\t<\/div>\n\t\t\t\t<\/div>\n\t\t\t\t<\/div>\n\t\t\t\t\t<\/div>\n\t\t<\/div>\n\t\t\t\t\t<\/div>\n\t\t<\/section>\n\t\t\t\t<section class=\"elementor-section elementor-top-section elementor-element elementor-element-41efee4 elementor-section-boxed elementor-section-height-default elementor-section-height-default\" data-id=\"41efee4\" data-element_type=\"section\" data-settings=\"{&quot;background_background&quot;:&quot;gradient&quot;}\">\n\t\t\t\t\t\t<div class=\"elementor-container elementor-column-gap-no\">\n\t\t\t\t\t<div class=\"elementor-column elementor-col-50 elementor-top-column elementor-element elementor-element-e90f15f\" data-id=\"e90f15f\" data-element_type=\"column\">\n\t\t\t<div class=\"elementor-widget-wrap elementor-element-populated\">\n\t\t\t\t\t\t<div class=\"elementor-element elementor-element-6509239 elementor-widget elementor-widget-heading\" data-id=\"6509239\" data-element_type=\"widget\" data-widget_type=\"heading.default\">\n\t\t\t\t<div class=\"elementor-widget-container\">\n\t\t\t<h3 class=\"elementor-heading-title elementor-size-default\">For Technical Servies<\/h3>\t\t<\/div>\n\t\t\t\t<\/div>\n\t\t\t\t<div class=\"elementor-element elementor-element-b53dfe7 elementor-widget elementor-widget-text-editor\" data-id=\"b53dfe7\" data-element_type=\"widget\" data-widget_type=\"text-editor.default\">\n\t\t\t\t<div class=\"elementor-widget-container\">\n\t\t\t\t\t\t\t<p>We offer you the most suitable solutions by analyzing every single one of your processes, from infrastructure to design, from product selection to their implementation. You can get 24\/7 support for the solutions we offer.<\/p>\t\t\t\t\t\t<\/div>\n\t\t\t\t<\/div>\n\t\t\t\t\t<\/div>\n\t\t<\/div>\n\t\t\t\t<div class=\"elementor-column elementor-col-50 elementor-top-column elementor-element elementor-element-3fef3fd\" data-id=\"3fef3fd\" data-element_type=\"column\">\n\t\t\t<div class=\"elementor-widget-wrap elementor-element-populated\">\n\t\t\t\t\t\t<div class=\"elementor-element elementor-element-79a9d5e elementor-align-center elementor-mobile-align-center elementor-widget elementor-widget-button\" data-id=\"79a9d5e\" data-element_type=\"widget\" data-widget_type=\"button.default\">\n\t\t\t\t<div class=\"elementor-widget-container\">\n\t\t\t\t\t<div class=\"elementor-button-wrapper\">\n\t\t\t<a class=\"elementor-button elementor-button-link elementor-size-sm elementor-animation-grow\" href=\"https:\/\/emecsol.com\/en\/iletisim\/\">\n\t\t\t\t\t\t<span class=\"elementor-button-content-wrapper\">\n\t\t\t\t\t\t\t\t\t<span class=\"elementor-button-text\">Contact Us<\/span>\n\t\t\t\t\t<\/span>\n\t\t\t\t\t<\/a>\n\t\t<\/div>\n\t\t\t\t<\/div>\n\t\t\t\t<\/div>\n\t\t\t\t\t<\/div>\n\t\t<\/div>\n\t\t\t\t\t<\/div>\n\t\t<\/section>\n\t\t\t\t<\/div>","protected":false},"excerpt":{"rendered":"<p>Inline Red\u00fckt\u00f6r Proje ihtiya\u00e7lar\u0131 ve \u00f6l\u00e7\u00fclere g\u00f6re g\u00f6vdesi tasarlanabilen istenilen mutlak tahvil oran\u0131na sahip her iki y\u00f6nden motor ba\u011flant\u0131 imkan\u0131 veren 180 dereceye g\u00fc\u00e7 aktar\u0131m\u0131n sa\u011flayan inline red\u00fckt\u00f6r projemiz. Standart red\u00fckt\u00f6r \u00fcreticilerinin \u00f6l\u00e7\u00fclerinin uygun olmad\u0131\u011f\u0131 veya ekstra olarak ihtiya\u00e7 duyulan \u00f6zelliklerin talep edildi\u011fi projelerde ihtiyac\u0131n\u0131za uygun tasarlanabilmektedir. Teknik hizmetlerimizden faydalanmak i\u00e7in S\u00fcre\u00e7lerinizin altyap\u0131s\u0131ndan, tasarlanmas\u0131na, \u00fcr\u00fcn [&hellip;]<\/p>","protected":false},"author":1,"featured_media":1812,"parent":0,"menu_order":0,"comment_status":"closed","ping_status":"closed","template":"elementor_header_footer","meta":{"footnotes":""},"yoast_head":"<!-- This site is optimized with the Yoast SEO plugin v23.5 - https:\/\/yoast.com\/wordpress\/plugins\/seo\/ -->\n<title>Inline Red\u00fckt\u00f6r - EMECSOL<\/title>\n<meta name=\"description\" content=\"Amaca g\u00f6re dizayn edilmi\u015f ayarlanabilir mutlak tahvil oran\u0131yla 180 derece \u00e7ift \u00e7\u0131k\u0131\u015fl\u0131 red\u00fckt\u00f6r imalat\u0131m\u0131z.\" \/>\n<meta name=\"robots\" content=\"index, follow, max-snippet:-1, max-image-preview:large, max-video-preview:-1\" \/>\n<link rel=\"canonical\" href=\"https:\/\/emecsol.com\/en\/inline-reduktor\/\" \/>\n<meta property=\"og:locale\" content=\"en_GB\" \/>\n<meta property=\"og:type\" content=\"article\" \/>\n<meta property=\"og:title\" content=\"Inline Red\u00fckt\u00f6r - EMECSOL\" \/>\n<meta property=\"og:description\" content=\"Amaca g\u00f6re dizayn edilmi\u015f ayarlanabilir mutlak tahvil oran\u0131yla 180 derece \u00e7ift \u00e7\u0131k\u0131\u015fl\u0131 red\u00fckt\u00f6r imalat\u0131m\u0131z.\" \/>\n<meta property=\"og:url\" content=\"https:\/\/emecsol.com\/en\/inline-reduktor\/\" \/>\n<meta property=\"og:site_name\" content=\"EMECSOL\" \/>\n<meta property=\"article:publisher\" content=\"https:\/\/www.facebook.com\/Emecsol-102837495112945\/\" \/>\n<meta property=\"article:modified_time\" content=\"2022-01-18T09:53:12+00:00\" \/>\n<meta property=\"og:image\" content=\"https:\/\/emecsol.com\/wp-content\/uploads\/2022\/01\/Inline-Reduktor.png\" \/>\n\t<meta property=\"og:image:width\" content=\"735\" \/>\n\t<meta property=\"og:image:height\" content=\"503\" \/>\n\t<meta property=\"og:image:type\" content=\"image\/png\" \/>\n<meta name=\"twitter:card\" content=\"summary_large_image\" \/>\n<meta name=\"twitter:label1\" content=\"Estimated reading time\" \/>\n\t<meta name=\"twitter:data1\" content=\"1 minute\" \/>\n<script type=\"application\/ld+json\" class=\"yoast-schema-graph\">{\"@context\":\"https:\/\/schema.org\",\"@graph\":[{\"@type\":\"WebPage\",\"@id\":\"https:\/\/emecsol.com\/inline-reduktor\/\",\"url\":\"https:\/\/emecsol.com\/inline-reduktor\/\",\"name\":\"Inline Red\u00fckt\u00f6r - EMECSOL\",\"isPartOf\":{\"@id\":\"https:\/\/emecsol.com\/#website\"},\"primaryImageOfPage\":{\"@id\":\"https:\/\/emecsol.com\/inline-reduktor\/#primaryimage\"},\"image\":{\"@id\":\"https:\/\/emecsol.com\/inline-reduktor\/#primaryimage\"},\"thumbnailUrl\":\"https:\/\/emecsol.com\/wp-content\/uploads\/2022\/01\/Inline-Reduktor.png\",\"datePublished\":\"2022-01-18T09:44:11+00:00\",\"dateModified\":\"2022-01-18T09:53:12+00:00\",\"description\":\"Amaca g\u00f6re dizayn edilmi\u015f ayarlanabilir mutlak tahvil oran\u0131yla 180 derece \u00e7ift \u00e7\u0131k\u0131\u015fl\u0131 red\u00fckt\u00f6r imalat\u0131m\u0131z.\",\"breadcrumb\":{\"@id\":\"https:\/\/emecsol.com\/inline-reduktor\/#breadcrumb\"},\"inLanguage\":\"en-GB\",\"potentialAction\":[{\"@type\":\"ReadAction\",\"target\":[\"https:\/\/emecsol.com\/inline-reduktor\/\"]}]},{\"@type\":\"ImageObject\",\"inLanguage\":\"en-GB\",\"@id\":\"https:\/\/emecsol.com\/inline-reduktor\/#primaryimage\",\"url\":\"https:\/\/emecsol.com\/wp-content\/uploads\/2022\/01\/Inline-Reduktor.png\",\"contentUrl\":\"https:\/\/emecsol.com\/wp-content\/uploads\/2022\/01\/Inline-Reduktor.png\",\"width\":735,\"height\":503,\"caption\":\"Inline Red\u00fckt\u00f6r\"},{\"@type\":\"BreadcrumbList\",\"@id\":\"https:\/\/emecsol.com\/inline-reduktor\/#breadcrumb\",\"itemListElement\":[{\"@type\":\"ListItem\",\"position\":1,\"name\":\"Anasayfa\",\"item\":\"https:\/\/emecsol.com\/\"},{\"@type\":\"ListItem\",\"position\":2,\"name\":\"Inline Red\u00fckt\u00f6r\"}]},{\"@type\":\"WebSite\",\"@id\":\"https:\/\/emecsol.com\/#website\",\"url\":\"https:\/\/emecsol.com\/\",\"name\":\"EMECSOL\",\"description\":\"Empower your future\",\"publisher\":{\"@id\":\"https:\/\/emecsol.com\/#organization\"},\"potentialAction\":[{\"@type\":\"SearchAction\",\"target\":{\"@type\":\"EntryPoint\",\"urlTemplate\":\"https:\/\/emecsol.com\/?s={search_term_string}\"},\"query-input\":{\"@type\":\"PropertyValueSpecification\",\"valueRequired\":true,\"valueName\":\"search_term_string\"}}],\"inLanguage\":\"en-GB\"},{\"@type\":\"Organization\",\"@id\":\"https:\/\/emecsol.com\/#organization\",\"name\":\"EMECSOL Empower Your Future\",\"url\":\"https:\/\/emecsol.com\/\",\"logo\":{\"@type\":\"ImageObject\",\"inLanguage\":\"en-GB\",\"@id\":\"https:\/\/emecsol.com\/#\/schema\/logo\/image\/\",\"url\":\"http:\/\/emecsol.com\/wp-content\/uploads\/2021\/04\/EMECSOL-1.png\",\"contentUrl\":\"http:\/\/emecsol.com\/wp-content\/uploads\/2021\/04\/EMECSOL-1.png\",\"width\":861,\"height\":143,\"caption\":\"EMECSOL Empower Your Future\"},\"image\":{\"@id\":\"https:\/\/emecsol.com\/#\/schema\/logo\/image\/\"},\"sameAs\":[\"https:\/\/www.facebook.com\/Emecsol-102837495112945\/\",\"https:\/\/www.instagram.com\/emec.sol\/\",\"https:\/\/www.linkedin.com\/company\/emecsol\/\"]}]}<\/script>\n<!-- \/ Yoast SEO plugin. -->","yoast_head_json":{"title":"Inline Red\u00fckt\u00f6r - EMECSOL","description":"Amaca g\u00f6re dizayn edilmi\u015f ayarlanabilir mutlak tahvil oran\u0131yla 180 derece \u00e7ift \u00e7\u0131k\u0131\u015fl\u0131 red\u00fckt\u00f6r imalat\u0131m\u0131z.","robots":{"index":"index","follow":"follow","max-snippet":"max-snippet:-1","max-image-preview":"max-image-preview:large","max-video-preview":"max-video-preview:-1"},"canonical":"https:\/\/emecsol.com\/en\/inline-reduktor\/","og_locale":"en_GB","og_type":"article","og_title":"Inline Red\u00fckt\u00f6r - EMECSOL","og_description":"Amaca g\u00f6re dizayn edilmi\u015f ayarlanabilir mutlak tahvil oran\u0131yla 180 derece \u00e7ift \u00e7\u0131k\u0131\u015fl\u0131 red\u00fckt\u00f6r imalat\u0131m\u0131z.","og_url":"https:\/\/emecsol.com\/en\/inline-reduktor\/","og_site_name":"EMECSOL","article_publisher":"https:\/\/www.facebook.com\/Emecsol-102837495112945\/","article_modified_time":"2022-01-18T09:53:12+00:00","og_image":[{"width":735,"height":503,"url":"https:\/\/emecsol.com\/wp-content\/uploads\/2022\/01\/Inline-Reduktor.png","type":"image\/png"}],"twitter_card":"summary_large_image","twitter_misc":{"Estimated reading time":"1 minute"},"schema":{"@context":"https:\/\/schema.org","@graph":[{"@type":"WebPage","@id":"https:\/\/emecsol.com\/inline-reduktor\/","url":"https:\/\/emecsol.com\/inline-reduktor\/","name":"Inline Red\u00fckt\u00f6r - EMECSOL","isPartOf":{"@id":"https:\/\/emecsol.com\/#website"},"primaryImageOfPage":{"@id":"https:\/\/emecsol.com\/inline-reduktor\/#primaryimage"},"image":{"@id":"https:\/\/emecsol.com\/inline-reduktor\/#primaryimage"},"thumbnailUrl":"https:\/\/emecsol.com\/wp-content\/uploads\/2022\/01\/Inline-Reduktor.png","datePublished":"2022-01-18T09:44:11+00:00","dateModified":"2022-01-18T09:53:12+00:00","description":"Amaca g\u00f6re dizayn edilmi\u015f ayarlanabilir mutlak tahvil oran\u0131yla 180 derece \u00e7ift \u00e7\u0131k\u0131\u015fl\u0131 red\u00fckt\u00f6r imalat\u0131m\u0131z.","breadcrumb":{"@id":"https:\/\/emecsol.com\/inline-reduktor\/#breadcrumb"},"inLanguage":"en-GB","potentialAction":[{"@type":"ReadAction","target":["https:\/\/emecsol.com\/inline-reduktor\/"]}]},{"@type":"ImageObject","inLanguage":"en-GB","@id":"https:\/\/emecsol.com\/inline-reduktor\/#primaryimage","url":"https:\/\/emecsol.com\/wp-content\/uploads\/2022\/01\/Inline-Reduktor.png","contentUrl":"https:\/\/emecsol.com\/wp-content\/uploads\/2022\/01\/Inline-Reduktor.png","width":735,"height":503,"caption":"Inline Red\u00fckt\u00f6r"},{"@type":"BreadcrumbList","@id":"https:\/\/emecsol.com\/inline-reduktor\/#breadcrumb","itemListElement":[{"@type":"ListItem","position":1,"name":"Anasayfa","item":"https:\/\/emecsol.com\/"},{"@type":"ListItem","position":2,"name":"Inline Red\u00fckt\u00f6r"}]},{"@type":"WebSite","@id":"https:\/\/emecsol.com\/#website","url":"https:\/\/emecsol.com\/","name":"EMECSOL","description":"Empower your future","publisher":{"@id":"https:\/\/emecsol.com\/#organization"},"potentialAction":[{"@type":"SearchAction","target":{"@type":"EntryPoint","urlTemplate":"https:\/\/emecsol.com\/?s={search_term_string}"},"query-input":{"@type":"PropertyValueSpecification","valueRequired":true,"valueName":"search_term_string"}}],"inLanguage":"en-GB"},{"@type":"Organization","@id":"https:\/\/emecsol.com\/#organization","name":"EMECSOL Empower Your Future","url":"https:\/\/emecsol.com\/","logo":{"@type":"ImageObject","inLanguage":"en-GB","@id":"https:\/\/emecsol.com\/#\/schema\/logo\/image\/","url":"http:\/\/emecsol.com\/wp-content\/uploads\/2021\/04\/EMECSOL-1.png","contentUrl":"http:\/\/emecsol.com\/wp-content\/uploads\/2021\/04\/EMECSOL-1.png","width":861,"height":143,"caption":"EMECSOL Empower Your Future"},"image":{"@id":"https:\/\/emecsol.com\/#\/schema\/logo\/image\/"},"sameAs":["https:\/\/www.facebook.com\/Emecsol-102837495112945\/","https:\/\/www.instagram.com\/emec.sol\/","https:\/\/www.linkedin.com\/company\/emecsol\/"]}]}},"_links":{"self":[{"href":"https:\/\/emecsol.com\/en\/wp-json\/wp\/v2\/pages\/1811"}],"collection":[{"href":"https:\/\/emecsol.com\/en\/wp-json\/wp\/v2\/pages"}],"about":[{"href":"https:\/\/emecsol.com\/en\/wp-json\/wp\/v2\/types\/page"}],"author":[{"embeddable":true,"href":"https:\/\/emecsol.com\/en\/wp-json\/wp\/v2\/users\/1"}],"replies":[{"embeddable":true,"href":"https:\/\/emecsol.com\/en\/wp-json\/wp\/v2\/comments?post=1811"}],"version-history":[{"count":4,"href":"https:\/\/emecsol.com\/en\/wp-json\/wp\/v2\/pages\/1811\/revisions"}],"predecessor-version":[{"id":1817,"href":"https:\/\/emecsol.com\/en\/wp-json\/wp\/v2\/pages\/1811\/revisions\/1817"}],"wp:featuredmedia":[{"embeddable":true,"href":"https:\/\/emecsol.com\/en\/wp-json\/wp\/v2\/media\/1812"}],"wp:attachment":[{"href":"https:\/\/emecsol.com\/en\/wp-json\/wp\/v2\/media?parent=1811"}],"curies":[{"name":"wp","href":"https:\/\/api.w.org\/{rel}","templated":true}]}}