{"id":1462,"date":"2021-06-06T12:32:02","date_gmt":"2021-06-06T12:32:02","guid":{"rendered":"https:\/\/emecsol.com\/?page_id=1462"},"modified":"2021-06-06T13:34:40","modified_gmt":"2021-06-06T13:34:40","slug":"dijital-hizmetlerimiz","status":"publish","type":"page","link":"https:\/\/emecsol.com\/en\/dijital-hizmetlerimiz\/","title":{"rendered":"Dijital Hizmetlerimiz"},"content":{"rendered":"<div data-elementor-type=\"wp-page\" data-elementor-id=\"1462\" class=\"elementor elementor-1462\">\n\t\t\t\t\t\t<section class=\"elementor-section elementor-top-section elementor-element elementor-element-14d2f00 elementor-section-full_width elementor-section-height-default elementor-section-height-default\" data-id=\"14d2f00\" data-element_type=\"section\">\n\t\t\t\t\t\t<div class=\"elementor-container elementor-column-gap-default\">\n\t\t\t\t\t<div class=\"elementor-column elementor-col-100 elementor-top-column elementor-element elementor-element-69a3726\" data-id=\"69a3726\" data-element_type=\"column\">\n\t\t\t<div class=\"elementor-widget-wrap elementor-element-populated\">\n\t\t\t\t\t\t<div class=\"elementor-element elementor-element-1414dcd elementor-widget elementor-widget-spacer\" data-id=\"1414dcd\" data-element_type=\"widget\" data-widget_type=\"spacer.default\">\n\t\t\t\t<div class=\"elementor-widget-container\">\n\t\t\t\t\t<div class=\"elementor-spacer\">\n\t\t\t<div class=\"elementor-spacer-inner\"><\/div>\n\t\t<\/div>\n\t\t\t\t<\/div>\n\t\t\t\t<\/div>\n\t\t\t\t\t<\/div>\n\t\t<\/div>\n\t\t\t\t\t<\/div>\n\t\t<\/section>\n\t\t\t\t<section class=\"elementor-section elementor-top-section elementor-element elementor-element-ea5101d elementor-section-boxed elementor-section-height-default elementor-section-height-default\" data-id=\"ea5101d\" data-element_type=\"section\">\n\t\t\t\t\t\t<div class=\"elementor-container elementor-column-gap-default\">\n\t\t\t\t\t<div class=\"elementor-column elementor-col-100 elementor-top-column elementor-element elementor-element-5ce1aa3\" data-id=\"5ce1aa3\" data-element_type=\"column\">\n\t\t\t<div class=\"elementor-widget-wrap elementor-element-populated\">\n\t\t\t\t\t\t<div class=\"elementor-element elementor-element-4fbac1f elementor-widget elementor-widget-heading\" data-id=\"4fbac1f\" data-element_type=\"widget\" data-widget_type=\"heading.default\">\n\t\t\t\t<div class=\"elementor-widget-container\">\n\t\t\t<h2 class=\"elementor-heading-title elementor-size-default\">Our Services<\/h2>\t\t<\/div>\n\t\t\t\t<\/div>\n\t\t\t\t\t<\/div>\n\t\t<\/div>\n\t\t\t\t\t<\/div>\n\t\t<\/section>\n\t\t\t\t<section class=\"elementor-section elementor-top-section elementor-element elementor-element-8301046 elementor-section-boxed elementor-section-height-default elementor-section-height-default\" data-id=\"8301046\" data-element_type=\"section\">\n\t\t\t\t\t\t<div class=\"elementor-container elementor-column-gap-default\">\n\t\t\t\t\t<div class=\"elementor-column elementor-col-100 elementor-top-column elementor-element elementor-element-b2edc6e\" data-id=\"b2edc6e\" data-element_type=\"column\">\n\t\t\t<div class=\"elementor-widget-wrap elementor-element-populated\">\n\t\t\t\t\t\t<div class=\"elementor-element elementor-element-8d6bdd7 elementor-widget elementor-widget-image\" data-id=\"8d6bdd7\" data-element_type=\"widget\" data-widget_type=\"image.default\">\n\t\t\t\t<div class=\"elementor-widget-container\">\n\t\t\t\t\t\t\t\t\t\t\t\t\t<img fetchpriority=\"high\" decoding=\"async\" width=\"722\" height=\"421\" src=\"https:\/\/emecsol.com\/wp-content\/uploads\/2021\/04\/Dijitallesme.png\" class=\"attachment-large size-large wp-image-1345\" alt=\"Dijitalle\u015fme\" srcset=\"https:\/\/emecsol.com\/wp-content\/uploads\/2021\/04\/Dijitallesme.png 722w, https:\/\/emecsol.com\/wp-content\/uploads\/2021\/04\/Dijitallesme-300x175.png 300w, https:\/\/emecsol.com\/wp-content\/uploads\/2021\/04\/Dijitallesme-16x9.png 16w\" sizes=\"(max-width: 722px) 100vw, 722px\" \/>\t\t\t\t\t\t\t\t\t\t\t\t\t<\/div>\n\t\t\t\t<\/div>\n\t\t\t\t\t<\/div>\n\t\t<\/div>\n\t\t\t\t\t<\/div>\n\t\t<\/section>\n\t\t\t\t<section class=\"elementor-section elementor-top-section elementor-element elementor-element-c37dc78 elementor-section-full_width elementor-section-height-default elementor-section-height-default\" data-id=\"c37dc78\" data-element_type=\"section\">\n\t\t\t\t\t\t<div class=\"elementor-container elementor-column-gap-default\">\n\t\t\t\t\t<div class=\"elementor-column elementor-col-100 elementor-top-column elementor-element elementor-element-f51a2d9\" data-id=\"f51a2d9\" data-element_type=\"column\">\n\t\t\t<div class=\"elementor-widget-wrap elementor-element-populated\">\n\t\t\t\t\t\t<div class=\"elementor-element elementor-element-72120c8 elementor-widget elementor-widget-spacer\" data-id=\"72120c8\" data-element_type=\"widget\" data-widget_type=\"spacer.default\">\n\t\t\t\t<div class=\"elementor-widget-container\">\n\t\t\t\t\t<div class=\"elementor-spacer\">\n\t\t\t<div class=\"elementor-spacer-inner\"><\/div>\n\t\t<\/div>\n\t\t\t\t<\/div>\n\t\t\t\t<\/div>\n\t\t\t\t\t<\/div>\n\t\t<\/div>\n\t\t\t\t\t<\/div>\n\t\t<\/section>\n\t\t\t\t<section class=\"elementor-section elementor-top-section elementor-element elementor-element-92157c5 elementor-section-boxed elementor-section-height-default elementor-section-height-default\" data-id=\"92157c5\" data-element_type=\"section\">\n\t\t\t\t\t\t<div class=\"elementor-container elementor-column-gap-default\">\n\t\t\t\t\t<div class=\"elementor-column elementor-col-50 elementor-top-column elementor-element elementor-element-4a16b2e\" data-id=\"4a16b2e\" data-element_type=\"column\">\n\t\t\t<div class=\"elementor-widget-wrap elementor-element-populated\">\n\t\t\t\t\t\t<div class=\"elementor-element elementor-element-910d805 elementor-view-default elementor-position-top elementor-mobile-position-top elementor-widget elementor-widget-icon-box\" data-id=\"910d805\" data-element_type=\"widget\" data-widget_type=\"icon-box.default\">\n\t\t\t\t<div class=\"elementor-widget-container\">\n\t\t\t\t\t<div class=\"elementor-icon-box-wrapper\">\n\n\t\t\t\t\t\t<div class=\"elementor-icon-box-icon\">\n\t\t\t\t<span  class=\"elementor-icon elementor-animation-pulse-grow\">\n\t\t\t\t<i aria-hidden=\"true\" class=\"fas fa-cloud-upload-alt\"><\/i>\t\t\t\t<\/span>\n\t\t\t<\/div>\n\t\t\t\n\t\t\t\t\t\t<div class=\"elementor-icon-box-content\">\n\n\t\t\t\t\t\t\t\t\t<h3 class=\"elementor-icon-box-title\">\n\t\t\t\t\t\t<span  >\n\t\t\t\t\t\t\tInfrasturcture Services\t\t\t\t\t\t<\/span>\n\t\t\t\t\t<\/h3>\n\t\t\t\t\n\t\t\t\t\t\t\t\t\t<p class=\"elementor-icon-box-description\">\n\t\t\t\t\t\tSystem and server infrastructure installation, arrangement, transportation and product selection services, we are with your business with our network and security solutions.\t\t\t\t\t<\/p>\n\t\t\t\t\n\t\t\t<\/div>\n\t\t\t\n\t\t<\/div>\n\t\t\t\t<\/div>\n\t\t\t\t<\/div>\n\t\t\t\t\t<\/div>\n\t\t<\/div>\n\t\t\t\t<div class=\"elementor-column elementor-col-50 elementor-top-column elementor-element elementor-element-d23a721\" data-id=\"d23a721\" data-element_type=\"column\">\n\t\t\t<div class=\"elementor-widget-wrap elementor-element-populated\">\n\t\t\t\t\t\t<div class=\"elementor-element elementor-element-68ddc1f elementor-view-default elementor-position-top elementor-mobile-position-top elementor-widget elementor-widget-icon-box\" data-id=\"68ddc1f\" data-element_type=\"widget\" data-widget_type=\"icon-box.default\">\n\t\t\t\t<div class=\"elementor-widget-container\">\n\t\t\t\t\t<div class=\"elementor-icon-box-wrapper\">\n\n\t\t\t\t\t\t<div class=\"elementor-icon-box-icon\">\n\t\t\t\t<span  class=\"elementor-icon elementor-animation-pulse-grow\">\n\t\t\t\t<i aria-hidden=\"true\" class=\"fas fa-headset\"><\/i>\t\t\t\t<\/span>\n\t\t\t<\/div>\n\t\t\t\n\t\t\t\t\t\t<div class=\"elementor-icon-box-content\">\n\n\t\t\t\t\t\t\t\t\t<h3 class=\"elementor-icon-box-title\">\n\t\t\t\t\t\t<span  >\n\t\t\t\t\t\t\tIT Support\t\t\t\t\t\t<\/span>\n\t\t\t\t\t<\/h3>\n\t\t\t\t\n\t\t\t\t\t\t\t\t\t<p class=\"elementor-icon-box-description\">\n\t\t\t\t\t\tA service scope that will meet the computing needs of your business 24\/7 will enable you and your employees to quickly solve their problems for every equipment and application used in your business processes.\t\t\t\t\t<\/p>\n\t\t\t\t\n\t\t\t<\/div>\n\t\t\t\n\t\t<\/div>\n\t\t\t\t<\/div>\n\t\t\t\t<\/div>\n\t\t\t\t\t<\/div>\n\t\t<\/div>\n\t\t\t\t\t<\/div>\n\t\t<\/section>\n\t\t\t\t<section class=\"elementor-section elementor-top-section elementor-element elementor-element-ccdde2b elementor-section-full_width elementor-section-height-default elementor-section-height-default\" data-id=\"ccdde2b\" data-element_type=\"section\">\n\t\t\t\t\t\t<div class=\"elementor-container elementor-column-gap-default\">\n\t\t\t\t\t<div class=\"elementor-column elementor-col-100 elementor-top-column elementor-element elementor-element-e10460d\" data-id=\"e10460d\" data-element_type=\"column\">\n\t\t\t<div class=\"elementor-widget-wrap elementor-element-populated\">\n\t\t\t\t\t\t<div class=\"elementor-element elementor-element-ecffe98 elementor-widget elementor-widget-spacer\" data-id=\"ecffe98\" data-element_type=\"widget\" data-widget_type=\"spacer.default\">\n\t\t\t\t<div class=\"elementor-widget-container\">\n\t\t\t\t\t<div class=\"elementor-spacer\">\n\t\t\t<div class=\"elementor-spacer-inner\"><\/div>\n\t\t<\/div>\n\t\t\t\t<\/div>\n\t\t\t\t<\/div>\n\t\t\t\t\t<\/div>\n\t\t<\/div>\n\t\t\t\t\t<\/div>\n\t\t<\/section>\n\t\t\t\t<section class=\"elementor-section elementor-top-section elementor-element elementor-element-6f095c5 elementor-section-boxed elementor-section-height-default elementor-section-height-default\" data-id=\"6f095c5\" data-element_type=\"section\">\n\t\t\t\t\t\t<div class=\"elementor-container elementor-column-gap-default\">\n\t\t\t\t\t<div class=\"elementor-column elementor-col-50 elementor-top-column elementor-element elementor-element-8311bc9\" data-id=\"8311bc9\" data-element_type=\"column\">\n\t\t\t<div class=\"elementor-widget-wrap elementor-element-populated\">\n\t\t\t\t\t\t<div class=\"elementor-element elementor-element-f072351 elementor-view-default elementor-position-top elementor-mobile-position-top elementor-widget elementor-widget-icon-box\" data-id=\"f072351\" data-element_type=\"widget\" data-widget_type=\"icon-box.default\">\n\t\t\t\t<div class=\"elementor-widget-container\">\n\t\t\t\t\t<div class=\"elementor-icon-box-wrapper\">\n\n\t\t\t\t\t\t<div class=\"elementor-icon-box-icon\">\n\t\t\t\t<span  class=\"elementor-icon elementor-animation-pulse-grow\">\n\t\t\t\t<i aria-hidden=\"true\" class=\"fab fa-app-store-ios\"><\/i>\t\t\t\t<\/span>\n\t\t\t<\/div>\n\t\t\t\n\t\t\t\t\t\t<div class=\"elementor-icon-box-content\">\n\n\t\t\t\t\t\t\t\t\t<h3 class=\"elementor-icon-box-title\">\n\t\t\t\t\t\t<span  >\n\t\t\t\t\t\t\tWeb &amp; Mobile App\t\t\t\t\t\t<\/span>\n\t\t\t\t\t<\/h3>\n\t\t\t\t\n\t\t\t\t\t\t\t\t\t<p class=\"elementor-icon-box-description\">\n\t\t\t\t\t\tYou can make a difference with your competitors with industrial or commercial application software that can work on web or mobile based on your demand. \t\t\t\t\t<\/p>\n\t\t\t\t\n\t\t\t<\/div>\n\t\t\t\n\t\t<\/div>\n\t\t\t\t<\/div>\n\t\t\t\t<\/div>\n\t\t\t\t\t<\/div>\n\t\t<\/div>\n\t\t\t\t<div class=\"elementor-column elementor-col-50 elementor-top-column elementor-element elementor-element-7d44a72\" data-id=\"7d44a72\" data-element_type=\"column\">\n\t\t\t<div class=\"elementor-widget-wrap elementor-element-populated\">\n\t\t\t\t\t\t<div class=\"elementor-element elementor-element-21e3e43 elementor-view-default elementor-position-top elementor-mobile-position-top elementor-widget elementor-widget-icon-box\" data-id=\"21e3e43\" data-element_type=\"widget\" data-widget_type=\"icon-box.default\">\n\t\t\t\t<div class=\"elementor-widget-container\">\n\t\t\t\t\t<div class=\"elementor-icon-box-wrapper\">\n\n\t\t\t\t\t\t<div class=\"elementor-icon-box-icon\">\n\t\t\t\t<span  class=\"elementor-icon elementor-animation-pulse-grow\">\n\t\t\t\t<i aria-hidden=\"true\" class=\"fas fa-tools\"><\/i>\t\t\t\t<\/span>\n\t\t\t<\/div>\n\t\t\t\n\t\t\t\t\t\t<div class=\"elementor-icon-box-content\">\n\n\t\t\t\t\t\t\t\t\t<h3 class=\"elementor-icon-box-title\">\n\t\t\t\t\t\t<span  >\n\t\t\t\t\t\t\tProcess Design\t\t\t\t\t\t<\/span>\n\t\t\t\t\t<\/h3>\n\t\t\t\t\n\t\t\t\t\t\t\t\t\t<p class=\"elementor-icon-box-description\">\n\t\t\t\t\t\tWe analyze the processes of your business in your processes such as ERP, CRM, Fixed Asset Management, Document Management and offer you the most suitable integrated solution for your budget and operation.\t\t\t\t\t<\/p>\n\t\t\t\t\n\t\t\t<\/div>\n\t\t\t\n\t\t<\/div>\n\t\t\t\t<\/div>\n\t\t\t\t<\/div>\n\t\t\t\t\t<\/div>\n\t\t<\/div>\n\t\t\t\t\t<\/div>\n\t\t<\/section>\n\t\t\t\t<section class=\"elementor-section elementor-top-section elementor-element elementor-element-5a56b1b elementor-section-boxed elementor-section-height-default elementor-section-height-default\" data-id=\"5a56b1b\" data-element_type=\"section\">\n\t\t\t\t\t\t<div class=\"elementor-container elementor-column-gap-default\">\n\t\t\t\t\t<div class=\"elementor-column elementor-col-100 elementor-top-column elementor-element elementor-element-4786a7b\" data-id=\"4786a7b\" data-element_type=\"column\">\n\t\t\t<div class=\"elementor-widget-wrap elementor-element-populated\">\n\t\t\t\t\t\t<div class=\"elementor-element elementor-element-df1c3b8 elementor-widget elementor-widget-spacer\" data-id=\"df1c3b8\" data-element_type=\"widget\" data-widget_type=\"spacer.default\">\n\t\t\t\t<div class=\"elementor-widget-container\">\n\t\t\t\t\t<div class=\"elementor-spacer\">\n\t\t\t<div class=\"elementor-spacer-inner\"><\/div>\n\t\t<\/div>\n\t\t\t\t<\/div>\n\t\t\t\t<\/div>\n\t\t\t\t\t<\/div>\n\t\t<\/div>\n\t\t\t\t\t<\/div>\n\t\t<\/section>\n\t\t\t\t<section class=\"elementor-section elementor-top-section elementor-element elementor-element-e7acd64 elementor-section-boxed elementor-section-height-default elementor-section-height-default\" data-id=\"e7acd64\" data-element_type=\"section\" data-settings=\"{&quot;background_background&quot;:&quot;gradient&quot;}\">\n\t\t\t\t\t\t<div class=\"elementor-container elementor-column-gap-no\">\n\t\t\t\t\t<div class=\"elementor-column elementor-col-50 elementor-top-column elementor-element elementor-element-6caed57\" data-id=\"6caed57\" data-element_type=\"column\">\n\t\t\t<div class=\"elementor-widget-wrap elementor-element-populated\">\n\t\t\t\t\t\t<div class=\"elementor-element elementor-element-e20a36d elementor-widget elementor-widget-heading\" data-id=\"e20a36d\" data-element_type=\"widget\" data-widget_type=\"heading.default\">\n\t\t\t\t<div class=\"elementor-widget-container\">\n\t\t\t<h3 class=\"elementor-heading-title elementor-size-default\">For Digital Services<\/h3>\t\t<\/div>\n\t\t\t\t<\/div>\n\t\t\t\t<div class=\"elementor-element elementor-element-e31f64d elementor-widget elementor-widget-text-editor\" data-id=\"e31f64d\" data-element_type=\"widget\" data-widget_type=\"text-editor.default\">\n\t\t\t\t<div class=\"elementor-widget-container\">\n\t\t\t\t\t\t\t<p>We offer you the most suitable solutions by analyzing every single one of your processes, from infrastructure to design, from product selection to their implementation. You can get 24\/7 support for the solutions we offer.<\/p>\t\t\t\t\t\t<\/div>\n\t\t\t\t<\/div>\n\t\t\t\t\t<\/div>\n\t\t<\/div>\n\t\t\t\t<div class=\"elementor-column elementor-col-50 elementor-top-column elementor-element elementor-element-47f7a08\" data-id=\"47f7a08\" data-element_type=\"column\">\n\t\t\t<div class=\"elementor-widget-wrap elementor-element-populated\">\n\t\t\t\t\t\t<div class=\"elementor-element elementor-element-c4369cc elementor-align-center elementor-mobile-align-center elementor-widget elementor-widget-button\" data-id=\"c4369cc\" data-element_type=\"widget\" data-widget_type=\"button.default\">\n\t\t\t\t<div class=\"elementor-widget-container\">\n\t\t\t\t\t<div class=\"elementor-button-wrapper\">\n\t\t\t<a class=\"elementor-button elementor-button-link elementor-size-sm elementor-animation-grow\" href=\"https:\/\/emecsol.com\/en\/iletisim\/\">\n\t\t\t\t\t\t<span class=\"elementor-button-content-wrapper\">\n\t\t\t\t\t\t\t\t\t<span class=\"elementor-button-text\">Contact Us<\/span>\n\t\t\t\t\t<\/span>\n\t\t\t\t\t<\/a>\n\t\t<\/div>\n\t\t\t\t<\/div>\n\t\t\t\t<\/div>\n\t\t\t\t\t<\/div>\n\t\t<\/div>\n\t\t\t\t\t<\/div>\n\t\t<\/section>\n\t\t\t\t<\/div>","protected":false},"excerpt":{"rendered":"<p>Hizmetlerimiz Altyap\u0131 Hizmetlerimiz Sistem ve sunucu altyap\u0131 kurulum, d\u00fczenleme ta\u015f\u0131ma ve \u00fcr\u00fcn se\u00e7imi hizmetlerimizin yan\u0131nda, A\u011f ve g\u00fcvenlik \u00e7\u00f6z\u00fcmlerimiz ile i\u015fletmenizin yan\u0131nday\u0131z. IT Deste\u011fi \u0130\u015fletmenizin bir bilgi i\u015flem ihtiyac\u0131n\u0131 7\/24 kar\u015f\u0131layacak bir servis kapsam\u0131, i\u015f s\u00fcre\u00e7lerinizde \u00e7al\u0131\u015fanlar\u0131n\u0131z\u0131n ve sizin kullan\u0131lan her ekipman ve uygulama i\u00e7in h\u0131zl\u0131ca sorunlar\u0131n\u0131 \u00e7\u00f6zmenizi sa\u011flayacakt\u0131r. Web ve Mobil Uygulama Talebinize \u00f6zel [&hellip;]<\/p>","protected":false},"author":1,"featured_media":1463,"parent":0,"menu_order":0,"comment_status":"closed","ping_status":"closed","template":"elementor_header_footer","meta":{"footnotes":""},"yoast_head":"<!-- This site is optimized with the Yoast SEO plugin v23.5 - https:\/\/yoast.com\/wordpress\/plugins\/seo\/ -->\n<title>Dijital Hizmetlerimiz - EMECSOL - Bilgi \u0130\u015flem \u00c7\u00f6z\u00fcmleri<\/title>\n<meta name=\"robots\" content=\"index, follow, max-snippet:-1, max-image-preview:large, max-video-preview:-1\" \/>\n<link rel=\"canonical\" href=\"https:\/\/emecsol.com\/en\/dijital-hizmetlerimiz\/\" \/>\n<meta property=\"og:locale\" content=\"en_GB\" \/>\n<meta property=\"og:type\" content=\"article\" \/>\n<meta property=\"og:title\" content=\"Dijital Hizmetlerimiz - EMECSOL - Bilgi \u0130\u015flem \u00c7\u00f6z\u00fcmleri\" \/>\n<meta property=\"og:description\" content=\"Hizmetlerimiz Altyap\u0131 Hizmetlerimiz Sistem ve sunucu altyap\u0131 kurulum, d\u00fczenleme ta\u015f\u0131ma ve \u00fcr\u00fcn se\u00e7imi hizmetlerimizin yan\u0131nda, A\u011f ve g\u00fcvenlik \u00e7\u00f6z\u00fcmlerimiz ile i\u015fletmenizin yan\u0131nday\u0131z. IT Deste\u011fi \u0130\u015fletmenizin bir bilgi i\u015flem ihtiyac\u0131n\u0131 7\/24 kar\u015f\u0131layacak bir servis kapsam\u0131, i\u015f s\u00fcre\u00e7lerinizde \u00e7al\u0131\u015fanlar\u0131n\u0131z\u0131n ve sizin kullan\u0131lan her ekipman ve uygulama i\u00e7in h\u0131zl\u0131ca sorunlar\u0131n\u0131 \u00e7\u00f6zmenizi sa\u011flayacakt\u0131r. Web ve Mobil Uygulama Talebinize \u00f6zel [&hellip;]\" \/>\n<meta property=\"og:url\" content=\"https:\/\/emecsol.com\/en\/dijital-hizmetlerimiz\/\" \/>\n<meta property=\"og:site_name\" content=\"EMECSOL\" \/>\n<meta property=\"article:publisher\" content=\"https:\/\/www.facebook.com\/Emecsol-102837495112945\/\" \/>\n<meta property=\"article:modified_time\" content=\"2021-06-06T13:34:40+00:00\" \/>\n<meta property=\"og:image\" content=\"https:\/\/emecsol.com\/wp-content\/uploads\/2021\/06\/Digital-Services.png\" \/>\n\t<meta property=\"og:image:width\" content=\"1920\" \/>\n\t<meta property=\"og:image:height\" content=\"745\" \/>\n\t<meta property=\"og:image:type\" content=\"image\/png\" \/>\n<meta name=\"twitter:card\" content=\"summary_large_image\" \/>\n<meta name=\"twitter:label1\" content=\"Estimated reading time\" \/>\n\t<meta name=\"twitter:data1\" content=\"1 minute\" \/>\n<script type=\"application\/ld+json\" class=\"yoast-schema-graph\">{\"@context\":\"https:\/\/schema.org\",\"@graph\":[{\"@type\":\"WebPage\",\"@id\":\"https:\/\/emecsol.com\/dijital-hizmetlerimiz\/\",\"url\":\"https:\/\/emecsol.com\/dijital-hizmetlerimiz\/\",\"name\":\"Dijital Hizmetlerimiz - EMECSOL - Bilgi \u0130\u015flem \u00c7\u00f6z\u00fcmleri\",\"isPartOf\":{\"@id\":\"https:\/\/emecsol.com\/#website\"},\"primaryImageOfPage\":{\"@id\":\"https:\/\/emecsol.com\/dijital-hizmetlerimiz\/#primaryimage\"},\"image\":{\"@id\":\"https:\/\/emecsol.com\/dijital-hizmetlerimiz\/#primaryimage\"},\"thumbnailUrl\":\"https:\/\/emecsol.com\/wp-content\/uploads\/2021\/06\/Digital-Services.png\",\"datePublished\":\"2021-06-06T12:32:02+00:00\",\"dateModified\":\"2021-06-06T13:34:40+00:00\",\"breadcrumb\":{\"@id\":\"https:\/\/emecsol.com\/dijital-hizmetlerimiz\/#breadcrumb\"},\"inLanguage\":\"en-GB\",\"potentialAction\":[{\"@type\":\"ReadAction\",\"target\":[\"https:\/\/emecsol.com\/dijital-hizmetlerimiz\/\"]}]},{\"@type\":\"ImageObject\",\"inLanguage\":\"en-GB\",\"@id\":\"https:\/\/emecsol.com\/dijital-hizmetlerimiz\/#primaryimage\",\"url\":\"https:\/\/emecsol.com\/wp-content\/uploads\/2021\/06\/Digital-Services.png\",\"contentUrl\":\"https:\/\/emecsol.com\/wp-content\/uploads\/2021\/06\/Digital-Services.png\",\"width\":1920,\"height\":745},{\"@type\":\"BreadcrumbList\",\"@id\":\"https:\/\/emecsol.com\/dijital-hizmetlerimiz\/#breadcrumb\",\"itemListElement\":[{\"@type\":\"ListItem\",\"position\":1,\"name\":\"Anasayfa\",\"item\":\"https:\/\/emecsol.com\/\"},{\"@type\":\"ListItem\",\"position\":2,\"name\":\"Dijital Hizmetlerimiz\"}]},{\"@type\":\"WebSite\",\"@id\":\"https:\/\/emecsol.com\/#website\",\"url\":\"https:\/\/emecsol.com\/\",\"name\":\"EMECSOL\",\"description\":\"Empower your future\",\"publisher\":{\"@id\":\"https:\/\/emecsol.com\/#organization\"},\"potentialAction\":[{\"@type\":\"SearchAction\",\"target\":{\"@type\":\"EntryPoint\",\"urlTemplate\":\"https:\/\/emecsol.com\/?s={search_term_string}\"},\"query-input\":{\"@type\":\"PropertyValueSpecification\",\"valueRequired\":true,\"valueName\":\"search_term_string\"}}],\"inLanguage\":\"en-GB\"},{\"@type\":\"Organization\",\"@id\":\"https:\/\/emecsol.com\/#organization\",\"name\":\"EMECSOL Empower Your Future\",\"url\":\"https:\/\/emecsol.com\/\",\"logo\":{\"@type\":\"ImageObject\",\"inLanguage\":\"en-GB\",\"@id\":\"https:\/\/emecsol.com\/#\/schema\/logo\/image\/\",\"url\":\"http:\/\/emecsol.com\/wp-content\/uploads\/2021\/04\/EMECSOL-1.png\",\"contentUrl\":\"http:\/\/emecsol.com\/wp-content\/uploads\/2021\/04\/EMECSOL-1.png\",\"width\":861,\"height\":143,\"caption\":\"EMECSOL Empower Your Future\"},\"image\":{\"@id\":\"https:\/\/emecsol.com\/#\/schema\/logo\/image\/\"},\"sameAs\":[\"https:\/\/www.facebook.com\/Emecsol-102837495112945\/\",\"https:\/\/www.instagram.com\/emec.sol\/\",\"https:\/\/www.linkedin.com\/company\/emecsol\/\"]}]}<\/script>\n<!-- \/ Yoast SEO plugin. -->","yoast_head_json":{"title":"Dijital Hizmetlerimiz - EMECSOL - Bilgi \u0130\u015flem \u00c7\u00f6z\u00fcmleri","robots":{"index":"index","follow":"follow","max-snippet":"max-snippet:-1","max-image-preview":"max-image-preview:large","max-video-preview":"max-video-preview:-1"},"canonical":"https:\/\/emecsol.com\/en\/dijital-hizmetlerimiz\/","og_locale":"en_GB","og_type":"article","og_title":"Dijital Hizmetlerimiz - EMECSOL - Bilgi \u0130\u015flem \u00c7\u00f6z\u00fcmleri","og_description":"Hizmetlerimiz Altyap\u0131 Hizmetlerimiz Sistem ve sunucu altyap\u0131 kurulum, d\u00fczenleme ta\u015f\u0131ma ve \u00fcr\u00fcn se\u00e7imi hizmetlerimizin yan\u0131nda, A\u011f ve g\u00fcvenlik \u00e7\u00f6z\u00fcmlerimiz ile i\u015fletmenizin yan\u0131nday\u0131z. IT Deste\u011fi \u0130\u015fletmenizin bir bilgi i\u015flem ihtiyac\u0131n\u0131 7\/24 kar\u015f\u0131layacak bir servis kapsam\u0131, i\u015f s\u00fcre\u00e7lerinizde \u00e7al\u0131\u015fanlar\u0131n\u0131z\u0131n ve sizin kullan\u0131lan her ekipman ve uygulama i\u00e7in h\u0131zl\u0131ca sorunlar\u0131n\u0131 \u00e7\u00f6zmenizi sa\u011flayacakt\u0131r. Web ve Mobil Uygulama Talebinize \u00f6zel [&hellip;]","og_url":"https:\/\/emecsol.com\/en\/dijital-hizmetlerimiz\/","og_site_name":"EMECSOL","article_publisher":"https:\/\/www.facebook.com\/Emecsol-102837495112945\/","article_modified_time":"2021-06-06T13:34:40+00:00","og_image":[{"width":1920,"height":745,"url":"https:\/\/emecsol.com\/wp-content\/uploads\/2021\/06\/Digital-Services.png","type":"image\/png"}],"twitter_card":"summary_large_image","twitter_misc":{"Estimated reading time":"1 minute"},"schema":{"@context":"https:\/\/schema.org","@graph":[{"@type":"WebPage","@id":"https:\/\/emecsol.com\/dijital-hizmetlerimiz\/","url":"https:\/\/emecsol.com\/dijital-hizmetlerimiz\/","name":"Dijital Hizmetlerimiz - EMECSOL - Bilgi \u0130\u015flem \u00c7\u00f6z\u00fcmleri","isPartOf":{"@id":"https:\/\/emecsol.com\/#website"},"primaryImageOfPage":{"@id":"https:\/\/emecsol.com\/dijital-hizmetlerimiz\/#primaryimage"},"image":{"@id":"https:\/\/emecsol.com\/dijital-hizmetlerimiz\/#primaryimage"},"thumbnailUrl":"https:\/\/emecsol.com\/wp-content\/uploads\/2021\/06\/Digital-Services.png","datePublished":"2021-06-06T12:32:02+00:00","dateModified":"2021-06-06T13:34:40+00:00","breadcrumb":{"@id":"https:\/\/emecsol.com\/dijital-hizmetlerimiz\/#breadcrumb"},"inLanguage":"en-GB","potentialAction":[{"@type":"ReadAction","target":["https:\/\/emecsol.com\/dijital-hizmetlerimiz\/"]}]},{"@type":"ImageObject","inLanguage":"en-GB","@id":"https:\/\/emecsol.com\/dijital-hizmetlerimiz\/#primaryimage","url":"https:\/\/emecsol.com\/wp-content\/uploads\/2021\/06\/Digital-Services.png","contentUrl":"https:\/\/emecsol.com\/wp-content\/uploads\/2021\/06\/Digital-Services.png","width":1920,"height":745},{"@type":"BreadcrumbList","@id":"https:\/\/emecsol.com\/dijital-hizmetlerimiz\/#breadcrumb","itemListElement":[{"@type":"ListItem","position":1,"name":"Anasayfa","item":"https:\/\/emecsol.com\/"},{"@type":"ListItem","position":2,"name":"Dijital Hizmetlerimiz"}]},{"@type":"WebSite","@id":"https:\/\/emecsol.com\/#website","url":"https:\/\/emecsol.com\/","name":"EMECSOL","description":"Empower your future","publisher":{"@id":"https:\/\/emecsol.com\/#organization"},"potentialAction":[{"@type":"SearchAction","target":{"@type":"EntryPoint","urlTemplate":"https:\/\/emecsol.com\/?s={search_term_string}"},"query-input":{"@type":"PropertyValueSpecification","valueRequired":true,"valueName":"search_term_string"}}],"inLanguage":"en-GB"},{"@type":"Organization","@id":"https:\/\/emecsol.com\/#organization","name":"EMECSOL Empower Your Future","url":"https:\/\/emecsol.com\/","logo":{"@type":"ImageObject","inLanguage":"en-GB","@id":"https:\/\/emecsol.com\/#\/schema\/logo\/image\/","url":"http:\/\/emecsol.com\/wp-content\/uploads\/2021\/04\/EMECSOL-1.png","contentUrl":"http:\/\/emecsol.com\/wp-content\/uploads\/2021\/04\/EMECSOL-1.png","width":861,"height":143,"caption":"EMECSOL Empower Your Future"},"image":{"@id":"https:\/\/emecsol.com\/#\/schema\/logo\/image\/"},"sameAs":["https:\/\/www.facebook.com\/Emecsol-102837495112945\/","https:\/\/www.instagram.com\/emec.sol\/","https:\/\/www.linkedin.com\/company\/emecsol\/"]}]}},"_links":{"self":[{"href":"https:\/\/emecsol.com\/en\/wp-json\/wp\/v2\/pages\/1462"}],"collection":[{"href":"https:\/\/emecsol.com\/en\/wp-json\/wp\/v2\/pages"}],"about":[{"href":"https:\/\/emecsol.com\/en\/wp-json\/wp\/v2\/types\/page"}],"author":[{"embeddable":true,"href":"https:\/\/emecsol.com\/en\/wp-json\/wp\/v2\/users\/1"}],"replies":[{"embeddable":true,"href":"https:\/\/emecsol.com\/en\/wp-json\/wp\/v2\/comments?post=1462"}],"version-history":[{"count":7,"href":"https:\/\/emecsol.com\/en\/wp-json\/wp\/v2\/pages\/1462\/revisions"}],"predecessor-version":[{"id":1488,"href":"https:\/\/emecsol.com\/en\/wp-json\/wp\/v2\/pages\/1462\/revisions\/1488"}],"wp:featuredmedia":[{"embeddable":true,"href":"https:\/\/emecsol.com\/en\/wp-json\/wp\/v2\/media\/1463"}],"wp:attachment":[{"href":"https:\/\/emecsol.com\/en\/wp-json\/wp\/v2\/media?parent=1462"}],"curies":[{"name":"wp","href":"https:\/\/api.w.org\/{rel}","templated":true}]}}