{"id":1312,"date":"2021-04-24T13:47:43","date_gmt":"2021-04-24T13:47:43","guid":{"rendered":"https:\/\/emecsol.com\/?page_id=1312"},"modified":"2021-04-24T14:21:18","modified_gmt":"2021-04-24T14:21:18","slug":"piston-guc-hesaplamasi","status":"publish","type":"page","link":"https:\/\/emecsol.com\/en\/piston-guc-hesaplamasi\/","title":{"rendered":"Piston Load Calculation"},"content":{"rendered":"<div data-elementor-type=\"wp-page\" data-elementor-id=\"1312\" class=\"elementor elementor-1312\">\n\t\t\t\t\t\t<section class=\"elementor-section elementor-top-section elementor-element elementor-element-dd6a5ce elementor-section-boxed elementor-section-height-default elementor-section-height-default\" data-id=\"dd6a5ce\" data-element_type=\"section\">\n\t\t\t\t\t\t<div class=\"elementor-container elementor-column-gap-default\">\n\t\t\t\t\t<div class=\"elementor-column elementor-col-100 elementor-top-column elementor-element elementor-element-69cd480\" data-id=\"69cd480\" data-element_type=\"column\">\n\t\t\t<div class=\"elementor-widget-wrap elementor-element-populated\">\n\t\t\t\t\t\t<div class=\"elementor-element elementor-element-9031c44 elementor-widget elementor-widget-heading\" data-id=\"9031c44\" data-element_type=\"widget\" data-widget_type=\"heading.default\">\n\t\t\t\t<div class=\"elementor-widget-container\">\n\t\t\t<h2 class=\"elementor-heading-title elementor-size-default\">Piston Load Calculation<\/h2>\t\t<\/div>\n\t\t\t\t<\/div>\n\t\t\t\t\t<\/div>\n\t\t<\/div>\n\t\t\t\t\t<\/div>\n\t\t<\/section>\n\t\t\t\t<section class=\"elementor-section elementor-top-section elementor-element elementor-element-3f82418 elementor-section-boxed elementor-section-height-default elementor-section-height-default\" data-id=\"3f82418\" data-element_type=\"section\">\n\t\t\t\t\t\t<div class=\"elementor-container elementor-column-gap-default\">\n\t\t\t\t\t<div class=\"elementor-column elementor-col-100 elementor-top-column elementor-element elementor-element-3b2fe52\" data-id=\"3b2fe52\" data-element_type=\"column\">\n\t\t\t<div class=\"elementor-widget-wrap elementor-element-populated\">\n\t\t\t\t\t\t<div class=\"elementor-element elementor-element-85ae630 elementor-widget elementor-widget-spacer\" data-id=\"85ae630\" data-element_type=\"widget\" data-widget_type=\"spacer.default\">\n\t\t\t\t<div class=\"elementor-widget-container\">\n\t\t\t\t\t<div class=\"elementor-spacer\">\n\t\t\t<div class=\"elementor-spacer-inner\"><\/div>\n\t\t<\/div>\n\t\t\t\t<\/div>\n\t\t\t\t<\/div>\n\t\t\t\t\t<\/div>\n\t\t<\/div>\n\t\t\t\t\t<\/div>\n\t\t<\/section>\n\t\t\t\t<section class=\"elementor-section elementor-top-section elementor-element elementor-element-1e7b354 elementor-section-boxed elementor-section-height-default elementor-section-height-default\" data-id=\"1e7b354\" data-element_type=\"section\">\n\t\t\t\t\t\t<div class=\"elementor-container elementor-column-gap-default\">\n\t\t\t\t\t\t<\/div>\n\t\t<\/section>\n\t\t\t\t<section class=\"elementor-section elementor-top-section elementor-element elementor-element-1ae8959 elementor-section-boxed elementor-section-height-default elementor-section-height-default\" data-id=\"1ae8959\" data-element_type=\"section\">\n\t\t\t\t\t\t<div class=\"elementor-container elementor-column-gap-default\">\n\t\t\t\t\t<div class=\"elementor-column elementor-col-50 elementor-top-column elementor-element elementor-element-3ed87f4\" data-id=\"3ed87f4\" data-element_type=\"column\">\n\t\t\t<div class=\"elementor-widget-wrap elementor-element-populated\">\n\t\t\t\t\t\t<div class=\"elementor-element elementor-element-37a7082 elementor-widget elementor-widget-shortcode\" data-id=\"37a7082\" data-element_type=\"widget\" data-widget_type=\"shortcode.default\">\n\t\t\t\t<div class=\"elementor-widget-container\">\n\t\t\t\t\t<div class=\"elementor-shortcode\"><style>.cp_cff_clean\n#fbuilder, #fbuilder span,\n#fbuilder span { color: #000; }\n#fbuilder .fform span {color: #000; }\ninput[type=number]::-webkit-inner-spin-button,\ninput[type=number]::-webkit-outer-spin-button {\n-webkit-appearance: none;\nmargin: 0;\n}\ninput[type=number]{-moz-appearance: textfield;}<\/style><style>@media (max-width:480px){#cp_calculatedfieldsf_pform_1{min-height:1399px;}}@media (max-width:768px){#cp_calculatedfieldsf_pform_1{min-height:691px;}}@media (max-width:1024px){#cp_calculatedfieldsf_pform_1{min-height:449px;}}@media (min-width:1024px){#cp_calculatedfieldsf_pform_1{min-height:468px;}}<\/style><form name=\"cp_calculatedfieldsf_pform_1\" id=\"cp_calculatedfieldsf_pform_1\" action=\"https:\/\/emecsol.com\/en\/piston-guc-hesaplamasi\/\" method=\"post\" enctype=\"multipart\/form-data\" onsubmit=\"return fbuilderjQuery.fbuilder.doValidate(this);\" class=\"cff-form no-prefetch  cff-form-6 cp_cff_13\"  data-nonce=\"d34305739e\" data-trp-original-action=\"https:\/\/emecsol.com\/en\/piston-guc-hesaplamasi\/\">\n<input type=\"hidden\" name=\"cp_calculatedfieldsf_pform_psequence\" value=\"_1\" \/>\n<input type=\"hidden\" name=\"cp_calculatedfieldsf_id\" value=\"6\" \/>\n<input type=\"hidden\" name=\"cp_ref_page\" value=\"https:\/\/emecsol.com\" \/>\n<pre style=\"display:none !important;\"><script data-category=\"functional\" type=\"text\/javascript\">form_structure_1=[[{\"form_identifier\":\"\",\"name\":\"fieldname6\",\"shortlabel\":\"\",\"index\":0,\"ftype\":\"fdiv\",\"userhelp\":\"\",\"userhelpTooltip\":false,\"tooltipIcon\":false,\"csslayout\":\"\",\"fields\":[\"fieldname2\",\"fieldname3\",\"fieldname5\"],\"columns\":\"3\",\"rearrange\":true,\"title\":\"div\",\"collapsed\":false,\"fBuild\":{},\"parent\":\"\"},{\"form_identifier\":\"\",\"name\":\"fieldname5\",\"shortlabel\":\"\",\"index\":1,\"ftype\":\"fnumber\",\"userhelp\":\"L\\u00fctfen bas\\u0131n\\u00e7 de\\u011ferini Bar cinsinden giriniz.\",\"userhelpTooltip\":false,\"tooltipIcon\":false,\"csslayout\":\"\",\"title\":\"\\u00c7al\\u0131\\u015faca\\u011f\\u0131 Bas\\u0131n\\u00e7 (bar)\",\"predefined\":\"0 bar\",\"predefinedClick\":true,\"required\":false,\"exclude\":false,\"readonly\":false,\"size\":\"medium\",\"thousandSeparator\":\"\",\"decimalSymbol\":\".\",\"min\":\"\",\"max\":\"\",\"formatDynamically\":false,\"dformat\":\"digits\",\"formats\":[\"digits\",\"number\",\"percent\"],\"fBuild\":{},\"parent\":\"fieldname6\"},{\"form_identifier\":\"\",\"name\":\"separator1\",\"shortlabel\":\"\",\"index\":2,\"ftype\":\"fSectionBreak\",\"userhelp\":\"\",\"userhelpTooltip\":false,\"tooltipIcon\":false,\"csslayout\":\"c\",\"title\":\"Yukar\\u0131daki verilere g\\u00f6re sonu\\u00e7lar;\",\"fBuild\":{},\"parent\":\"\"},{\"form_identifier\":\"\",\"name\":\"fieldname7\",\"shortlabel\":\"\",\"index\":3,\"ftype\":\"fdiv\",\"userhelp\":\"\",\"userhelpTooltip\":false,\"tooltipIcon\":false,\"csslayout\":\"\",\"fields\":[\"fieldname1\",\"fieldname8\"],\"columns\":\"2\",\"rearrange\":0,\"title\":\"div\",\"collapsed\":false,\"fBuild\":{},\"parent\":\"\"},{\"form_identifier\":\"\",\"name\":\"fieldname2\",\"shortlabel\":\"\",\"index\":4,\"ftype\":\"fnumber\",\"userhelp\":\"L\\u00fctfen piston \\u00e7ap\\u0131n\\u0131 mm cinsinden giriniz.\",\"userhelpTooltip\":false,\"tooltipIcon\":false,\"csslayout\":\"\",\"title\":\"Piston \\u00c7ap\\u0131\",\"predefined\":\"0 mm\",\"predefinedClick\":true,\"required\":true,\"exclude\":false,\"readonly\":false,\"size\":\"medium\",\"thousandSeparator\":\"\",\"decimalSymbol\":\".\",\"min\":\"\",\"max\":\"\",\"formatDynamically\":false,\"dformat\":\"digits\",\"formats\":[\"digits\",\"number\",\"percent\"],\"fBuild\":{},\"parent\":\"fieldname6\"},{\"form_identifier\":\"\",\"name\":\"fieldname3\",\"shortlabel\":\"\",\"index\":5,\"ftype\":\"fnumber\",\"userhelp\":\"L\\u00fctfen mil \\u00e7ap\\u0131n\\u0131 mm cinsinden giriniz.\",\"userhelpTooltip\":false,\"tooltipIcon\":false,\"csslayout\":\"\",\"title\":\"Mil \\u00c7ap\\u0131\",\"predefined\":\"0 mm\",\"predefinedClick\":true,\"required\":true,\"exclude\":false,\"readonly\":false,\"size\":\"medium\",\"thousandSeparator\":\"\",\"decimalSymbol\":\".\",\"min\":\"\",\"max\":\"\",\"formatDynamically\":false,\"dformat\":\"digits\",\"formats\":[\"digits\",\"number\",\"percent\"],\"fBuild\":{},\"parent\":\"fieldname6\"},{\"dependencies\":[{\"rule\":\"\",\"complex\":false,\"fields\":[\"\"]}],\"form_identifier\":\"\",\"name\":\"fieldname1\",\"shortlabel\":\"\",\"index\":6,\"ftype\":\"fCalculated\",\"userhelp\":\"\",\"userhelpTooltip\":false,\"tooltipIcon\":false,\"csslayout\":\"\",\"title\":\"Piston Y\\u00fczey Alan\\u0131\",\"predefined\":\"\",\"required\":false,\"exclude\":false,\"size\":\"medium\",\"eq\":\"POW((fieldname2\\\/2),2)*3.14159-POW((fieldname3\\\/2),2)*3.14159\",\"suffix\":\" mm\\u00b2\",\"prefix\":\"\",\"decimalsymbol\":\".\",\"groupingsymbol\":\"\",\"readonly\":true,\"currency\":false,\"noEvalIfManual\":true,\"formatDynamically\":false,\"hidefield\":false,\"fBuild\":{},\"parent\":\"fieldname7\",\"predefinedClick\":false},{\"dependencies\":[{\"rule\":\"\",\"complex\":false,\"fields\":[\"\"]}],\"form_identifier\":\"\",\"name\":\"fieldname8\",\"shortlabel\":\"\",\"index\":7,\"ftype\":\"fCalculated\",\"userhelp\":\"\",\"userhelpTooltip\":false,\"tooltipIcon\":false,\"csslayout\":\"\",\"title\":\"Uygulayaca\\u011f\\u0131 Kuvvet (kg)\",\"predefined\":\"\",\"required\":false,\"exclude\":false,\"size\":\"medium\",\"eq\":\"fieldname1*0.01*fieldname5\",\"suffix\":\" kg\",\"prefix\":\"\",\"decimalsymbol\":\".\",\"groupingsymbol\":\"\",\"readonly\":true,\"currency\":false,\"noEvalIfManual\":true,\"formatDynamically\":false,\"hidefield\":false,\"fBuild\":{},\"parent\":\"fieldname7\"}],{\"0\":{\"title\":\" Kuvvet Bas\\u0131n\\u00e7 \\u00c7ap Hesaplamas\\u0131\",\"description\":\"Piston G\\u00fc\\u00e7 Hesab\\u0131\",\"formlayout\":\"top_aligned\",\"formtemplate\":\"cp_cff_13\",\"evalequations\":1,\"evalequationsevent\":2,\"loading_animation\":0,\"autocomplete\":1,\"persistence\":0,\"customstyles\":\".cp_cff_clean\\n#fbuilder, #fbuilder span,\\n#fbuilder span { color: #000; }\\n#fbuilder .fform span {color: #000; }\\ninput[type=number]::-webkit-inner-spin-button,\\ninput[type=number]::-webkit-outer-spin-button {\\n-webkit-appearance: none;\\nmargin: 0;\\n}\\ninput[type=number]{-moz-appearance: textfield;}\"},\"formid\":\"cp_calculatedfieldsf_pform_1\"}];<\/script><\/pre>\n<div id=\"fbuilder\">\n\t\t<div id=\"fbuilder_1\">\n\t\t<div id=\"formheader_1\"><\/div>\n\t\t<div id=\"fieldlist_1\"><\/div>\n\t\t<div class=\"clearer\"><\/div>\n\t<\/div>\n<\/div>\n\t<div id=\"cp_subbtn_1\" class=\"cp_subbtn\" style=\"display:none;\"><\/div><div class=\"clearer\"><\/div>\n\t<input type=\"hidden\" id=\"_cpcff_public_nonce\" name=\"_cpcff_public_nonce\" value=\"428e9dc555\" \/><input type=\"hidden\" name=\"_wp_http_referer\" value=\"\/en\/wp-json\/wp\/v2\/pages\/1312\" \/><input type=\"hidden\" name=\"trp-form-language\" value=\"en\"\/><\/form>\n\t<\/div>\n\t\t\t\t<\/div>\n\t\t\t\t<\/div>\n\t\t\t\t\t<\/div>\n\t\t<\/div>\n\t\t\t\t<div class=\"elementor-column elementor-col-50 elementor-top-column elementor-element elementor-element-593b50c\" data-id=\"593b50c\" data-element_type=\"column\">\n\t\t\t<div class=\"elementor-widget-wrap\">\n\t\t\t\t\t\t\t<\/div>\n\t\t<\/div>\n\t\t\t\t\t<\/div>\n\t\t<\/section>\n\t\t\t\t<\/div>","protected":false},"excerpt":{"rendered":"<p>Piston Load Calculation<\/p>","protected":false},"author":1,"featured_media":0,"parent":0,"menu_order":0,"comment_status":"closed","ping_status":"closed","template":"elementor_header_footer","meta":{"footnotes":""},"yoast_head":"<!-- This site is optimized with the Yoast SEO plugin v23.5 - https:\/\/yoast.com\/wordpress\/plugins\/seo\/ -->\n<title>Piston G\u00fc\u00e7 Hesaplamas\u0131 - EMECSOL<\/title>\n<meta name=\"robots\" content=\"index, follow, max-snippet:-1, max-image-preview:large, max-video-preview:-1\" \/>\n<link rel=\"canonical\" href=\"https:\/\/emecsol.com\/en\/piston-guc-hesaplamasi\/\" \/>\n<meta property=\"og:locale\" content=\"en_GB\" \/>\n<meta property=\"og:type\" content=\"article\" \/>\n<meta property=\"og:title\" content=\"Piston G\u00fc\u00e7 Hesaplamas\u0131 - EMECSOL\" \/>\n<meta property=\"og:description\" content=\"Piston G\u00fc\u00e7 Hesaplamas\u0131\" \/>\n<meta property=\"og:url\" content=\"https:\/\/emecsol.com\/en\/piston-guc-hesaplamasi\/\" \/>\n<meta property=\"og:site_name\" content=\"EMECSOL\" \/>\n<meta property=\"article:publisher\" content=\"https:\/\/www.facebook.com\/Emecsol-102837495112945\/\" \/>\n<meta property=\"article:modified_time\" content=\"2021-04-24T14:21:18+00:00\" \/>\n<meta name=\"twitter:card\" content=\"summary_large_image\" \/>\n<meta name=\"twitter:label1\" content=\"Estimated reading time\" \/>\n\t<meta name=\"twitter:data1\" content=\"1 minute\" \/>\n<script type=\"application\/ld+json\" class=\"yoast-schema-graph\">{\"@context\":\"https:\/\/schema.org\",\"@graph\":[{\"@type\":\"WebPage\",\"@id\":\"https:\/\/emecsol.com\/piston-guc-hesaplamasi\/\",\"url\":\"https:\/\/emecsol.com\/piston-guc-hesaplamasi\/\",\"name\":\"Piston G\u00fc\u00e7 Hesaplamas\u0131 - EMECSOL\",\"isPartOf\":{\"@id\":\"https:\/\/emecsol.com\/#website\"},\"datePublished\":\"2021-04-24T13:47:43+00:00\",\"dateModified\":\"2021-04-24T14:21:18+00:00\",\"breadcrumb\":{\"@id\":\"https:\/\/emecsol.com\/piston-guc-hesaplamasi\/#breadcrumb\"},\"inLanguage\":\"en-GB\",\"potentialAction\":[{\"@type\":\"ReadAction\",\"target\":[\"https:\/\/emecsol.com\/piston-guc-hesaplamasi\/\"]}]},{\"@type\":\"BreadcrumbList\",\"@id\":\"https:\/\/emecsol.com\/piston-guc-hesaplamasi\/#breadcrumb\",\"itemListElement\":[{\"@type\":\"ListItem\",\"position\":1,\"name\":\"Anasayfa\",\"item\":\"https:\/\/emecsol.com\/\"},{\"@type\":\"ListItem\",\"position\":2,\"name\":\"Piston G\u00fc\u00e7 Hesaplamas\u0131\"}]},{\"@type\":\"WebSite\",\"@id\":\"https:\/\/emecsol.com\/#website\",\"url\":\"https:\/\/emecsol.com\/\",\"name\":\"EMECSOL\",\"description\":\"Empower your future\",\"publisher\":{\"@id\":\"https:\/\/emecsol.com\/#organization\"},\"potentialAction\":[{\"@type\":\"SearchAction\",\"target\":{\"@type\":\"EntryPoint\",\"urlTemplate\":\"https:\/\/emecsol.com\/?s={search_term_string}\"},\"query-input\":{\"@type\":\"PropertyValueSpecification\",\"valueRequired\":true,\"valueName\":\"search_term_string\"}}],\"inLanguage\":\"en-GB\"},{\"@type\":\"Organization\",\"@id\":\"https:\/\/emecsol.com\/#organization\",\"name\":\"EMECSOL Empower Your Future\",\"url\":\"https:\/\/emecsol.com\/\",\"logo\":{\"@type\":\"ImageObject\",\"inLanguage\":\"en-GB\",\"@id\":\"https:\/\/emecsol.com\/#\/schema\/logo\/image\/\",\"url\":\"http:\/\/emecsol.com\/wp-content\/uploads\/2021\/04\/EMECSOL-1.png\",\"contentUrl\":\"http:\/\/emecsol.com\/wp-content\/uploads\/2021\/04\/EMECSOL-1.png\",\"width\":861,\"height\":143,\"caption\":\"EMECSOL Empower Your Future\"},\"image\":{\"@id\":\"https:\/\/emecsol.com\/#\/schema\/logo\/image\/\"},\"sameAs\":[\"https:\/\/www.facebook.com\/Emecsol-102837495112945\/\",\"https:\/\/www.instagram.com\/emec.sol\/\",\"https:\/\/www.linkedin.com\/company\/emecsol\/\"]}]}<\/script>\n<!-- \/ Yoast SEO plugin. -->","yoast_head_json":{"title":"Piston G\u00fc\u00e7 Hesaplamas\u0131 - EMECSOL","robots":{"index":"index","follow":"follow","max-snippet":"max-snippet:-1","max-image-preview":"max-image-preview:large","max-video-preview":"max-video-preview:-1"},"canonical":"https:\/\/emecsol.com\/en\/piston-guc-hesaplamasi\/","og_locale":"en_GB","og_type":"article","og_title":"Piston G\u00fc\u00e7 Hesaplamas\u0131 - EMECSOL","og_description":"Piston G\u00fc\u00e7 Hesaplamas\u0131","og_url":"https:\/\/emecsol.com\/en\/piston-guc-hesaplamasi\/","og_site_name":"EMECSOL","article_publisher":"https:\/\/www.facebook.com\/Emecsol-102837495112945\/","article_modified_time":"2021-04-24T14:21:18+00:00","twitter_card":"summary_large_image","twitter_misc":{"Estimated reading time":"1 minute"},"schema":{"@context":"https:\/\/schema.org","@graph":[{"@type":"WebPage","@id":"https:\/\/emecsol.com\/piston-guc-hesaplamasi\/","url":"https:\/\/emecsol.com\/piston-guc-hesaplamasi\/","name":"Piston G\u00fc\u00e7 Hesaplamas\u0131 - EMECSOL","isPartOf":{"@id":"https:\/\/emecsol.com\/#website"},"datePublished":"2021-04-24T13:47:43+00:00","dateModified":"2021-04-24T14:21:18+00:00","breadcrumb":{"@id":"https:\/\/emecsol.com\/piston-guc-hesaplamasi\/#breadcrumb"},"inLanguage":"en-GB","potentialAction":[{"@type":"ReadAction","target":["https:\/\/emecsol.com\/piston-guc-hesaplamasi\/"]}]},{"@type":"BreadcrumbList","@id":"https:\/\/emecsol.com\/piston-guc-hesaplamasi\/#breadcrumb","itemListElement":[{"@type":"ListItem","position":1,"name":"Anasayfa","item":"https:\/\/emecsol.com\/"},{"@type":"ListItem","position":2,"name":"Piston G\u00fc\u00e7 Hesaplamas\u0131"}]},{"@type":"WebSite","@id":"https:\/\/emecsol.com\/#website","url":"https:\/\/emecsol.com\/","name":"EMECSOL","description":"Empower your future","publisher":{"@id":"https:\/\/emecsol.com\/#organization"},"potentialAction":[{"@type":"SearchAction","target":{"@type":"EntryPoint","urlTemplate":"https:\/\/emecsol.com\/?s={search_term_string}"},"query-input":{"@type":"PropertyValueSpecification","valueRequired":true,"valueName":"search_term_string"}}],"inLanguage":"en-GB"},{"@type":"Organization","@id":"https:\/\/emecsol.com\/#organization","name":"EMECSOL Empower Your Future","url":"https:\/\/emecsol.com\/","logo":{"@type":"ImageObject","inLanguage":"en-GB","@id":"https:\/\/emecsol.com\/#\/schema\/logo\/image\/","url":"http:\/\/emecsol.com\/wp-content\/uploads\/2021\/04\/EMECSOL-1.png","contentUrl":"http:\/\/emecsol.com\/wp-content\/uploads\/2021\/04\/EMECSOL-1.png","width":861,"height":143,"caption":"EMECSOL Empower Your Future"},"image":{"@id":"https:\/\/emecsol.com\/#\/schema\/logo\/image\/"},"sameAs":["https:\/\/www.facebook.com\/Emecsol-102837495112945\/","https:\/\/www.instagram.com\/emec.sol\/","https:\/\/www.linkedin.com\/company\/emecsol\/"]}]}},"_links":{"self":[{"href":"https:\/\/emecsol.com\/en\/wp-json\/wp\/v2\/pages\/1312"}],"collection":[{"href":"https:\/\/emecsol.com\/en\/wp-json\/wp\/v2\/pages"}],"about":[{"href":"https:\/\/emecsol.com\/en\/wp-json\/wp\/v2\/types\/page"}],"author":[{"embeddable":true,"href":"https:\/\/emecsol.com\/en\/wp-json\/wp\/v2\/users\/1"}],"replies":[{"embeddable":true,"href":"https:\/\/emecsol.com\/en\/wp-json\/wp\/v2\/comments?post=1312"}],"version-history":[{"count":22,"href":"https:\/\/emecsol.com\/en\/wp-json\/wp\/v2\/pages\/1312\/revisions"}],"predecessor-version":[{"id":1334,"href":"https:\/\/emecsol.com\/en\/wp-json\/wp\/v2\/pages\/1312\/revisions\/1334"}],"wp:attachment":[{"href":"https:\/\/emecsol.com\/en\/wp-json\/wp\/v2\/media?parent=1312"}],"curies":[{"name":"wp","href":"https:\/\/api.w.org\/{rel}","templated":true}]}}