{"id":1288,"date":"2021-04-19T10:12:21","date_gmt":"2021-04-19T10:12:21","guid":{"rendered":"https:\/\/emecsol.com\/?page_id=1288"},"modified":"2021-04-19T11:08:32","modified_gmt":"2021-04-19T11:08:32","slug":"cerez-politikamiz","status":"publish","type":"page","link":"https:\/\/emecsol.com\/en\/cerez-politikamiz\/","title":{"rendered":"\u00c7erez Politikam\u0131z"},"content":{"rendered":"<div class=\"cli_pg_page_contaner\">\n<h3>Bu \u00e7erez politikas\u0131 hakk\u0131nda<\/h3>\n<div>Bu \u00c7erez Politikas\u0131, \u00e7erezlerin ne oldu\u011funu ve bunlar\u0131 nas\u0131l kulland\u0131\u011f\u0131m\u0131z\u0131, kulland\u0131\u011f\u0131m\u0131z \u00e7erez t\u00fcrlerini, \u00e7erezleri kullanarak toplad\u0131\u011f\u0131m\u0131z bilgileri ve bu bilgilerin nas\u0131l kullan\u0131ld\u0131\u011f\u0131n\u0131 ve \u00e7erez tercihlerinin nas\u0131l kontrol edilece\u011fini a\u00e7\u0131klar. Ki\u015fisel verilerinizi nas\u0131l kulland\u0131\u011f\u0131m\u0131z, saklad\u0131\u011f\u0131m\u0131z ve g\u00fcvende tuttu\u011fumuz hakk\u0131nda daha fazla bilgi i\u00e7in Gizlilik Politikam\u0131za bak\u0131n.Web sitemizdeki \u00c7erez Beyannamesi&#8217;ndeki onay\u0131n\u0131z\u0131 istedi\u011finiz zaman de\u011fi\u015ftirebilir veya geri \u00e7ekebilirsiniz.<br>Kim oldu\u011fumuz, bizimle nas\u0131l ileti\u015fime ge\u00e7ebilece\u011finiz ve ki\u015fisel verileri nas\u0131l i\u015fledi\u011fimiz hakk\u0131nda daha fazla bilgiyi Gizlilik Politikam\u0131zda bulabilirsiniz.<br>Onay\u0131n\u0131z a\u015fa\u011f\u0131daki alanlar i\u00e7in ge\u00e7erlidir: www.emecsol.com\n<a role=\"button\" tabindex=\"0\" class=\"medium cli-plugin-button cli-plugin-main-button cli_settings_button\" style=\"margin: 0px 10px 0px 5px; color: rgb(255, 255, 255); background-color: rgb(140, 140, 140);\">\u00c7erez ayarlar\u0131<\/a>\n<\/div>\n<h3>\u00c7erez nedir?<\/h3>\n<div>\u00c7erezler, k\u00fc\u00e7\u00fck bilgi par\u00e7alar\u0131n\u0131 saklamak i\u00e7in kullan\u0131lan k\u00fc\u00e7\u00fck metin dosyalar\u0131d\u0131r. Web sitesi taray\u0131c\u0131n\u0131za y\u00fcklendi\u011finde cihaz\u0131n\u0131zda saklan\u0131rlar. Bu \u00e7erezler, web sitesinin d\u00fczg\u00fcn \u00e7al\u0131\u015fmas\u0131n\u0131 sa\u011flamam\u0131za, daha g\u00fcvenli hale getirmemize, daha iyi kullan\u0131c\u0131 deneyimi sa\u011flamam\u0131za ve web sitesinin nas\u0131l performans g\u00f6sterdi\u011fini anlamam\u0131za ve neyin i\u015fe yaray\u0131p nerede iyile\u015ftirilmesi gerekti\u011fini analiz etmemize yard\u0131mc\u0131 olur.<\/div>\n<h3>\u00c7erezleri nas\u0131l kullan\u0131yoruz?<\/h3>\n<div>\u00c7evrimi\u00e7i hizmetlerin \u00e7o\u011fu gibi, web sitemiz de \u00e7e\u015fitli ama\u00e7larla birinci taraf ve \u00fc\u00e7\u00fcnc\u00fc taraf \u00e7erezleri kullan\u0131r. Birinci taraf \u00e7erezleri \u00e7o\u011funlukla web sitesinin do\u011fru \u015fekilde \u00e7al\u0131\u015fmas\u0131 i\u00e7in gereklidir ve ki\u015fisel olarak tan\u0131mlanabilir verilerinizin hi\u00e7birini toplamazlar.\n<p>&nbsp;<\/p>\n<p>Web sitemizde kullan\u0131lan \u00fc\u00e7\u00fcnc\u00fc taraf tan\u0131mlama bilgileri temel olarak web sitesinin nas\u0131l performans g\u00f6sterdi\u011fini, web sitemizle nas\u0131l etkile\u015fimde bulundu\u011funuzu anlamak, hizmetlerimizi g\u00fcvende tutmak, sizinle alakal\u0131 reklamlar sunmak ve sonu\u00e7 olarak size daha iyi bir ve iyile\u015ftirilmi\u015f kullan\u0131c\u0131 deneyimi ve web sitemizle gelecekteki etkile\u015fimlerinizi h\u0131zland\u0131rman\u0131za yard\u0131mc\u0131 olur.<\/p>\n<\/div>\n<h3>Ne t\u00fcr \u00e7erezler kullan\u0131yoruz?<\/h3>\n<div>Temel: Sitemizin tam i\u015flevselli\u011fini ya\u015fayabilmeniz i\u00e7in baz\u0131 \u00e7erezler gereklidir. Kullan\u0131c\u0131 oturumlar\u0131n\u0131 s\u00fcrd\u00fcrmemize ve herhangi bir g\u00fcvenlik tehdidini \u00f6nlememize izin veriyorlar. Herhangi bir ki\u015fisel bilgi toplamaz veya saklamazlar. \u00d6rne\u011fin, bu \u00e7erezler hesab\u0131n\u0131za giri\u015f yapman\u0131za ve sepetinize \u00fcr\u00fcn eklemenize ve g\u00fcvenli bir \u015fekilde \u00f6deme yapman\u0131za olanak tan\u0131r.\n<p>&nbsp;<\/p>\n<p>\u0130statistikler: Bu \u00e7erezler, web sitesine gelen ziyaret\u00e7i say\u0131s\u0131, benzersiz ziyaret\u00e7i say\u0131s\u0131, web sitesinin hangi sayfalar\u0131n\u0131n ziyaret edildi\u011fi gibi bilgileri depolar. ziyaretin kayna\u011f\u0131 vb. Bu veriler, web sitesinin ne kadar iyi performans g\u00f6sterdi\u011fini ve nerede iyile\u015ftirilmesi gerekti\u011fini anlamam\u0131za ve analiz etmemize yard\u0131mc\u0131 olur.<\/p>\n<p>Pazarlama: Web sitemizde reklamlar g\u00f6r\u00fcnt\u00fclenmektedir. Bu \u00e7erezler, size g\u00f6sterdi\u011fimiz reklamlar\u0131 sizin i\u00e7in anlaml\u0131 olacak \u015fekilde ki\u015fiselle\u015ftirmek i\u00e7in kullan\u0131l\u0131r. Bu \u00e7erezler ayr\u0131ca, bu reklam kampanyalar\u0131n\u0131n verimlili\u011fini takip etmemize yard\u0131mc\u0131 olur.<br>Bu \u00e7erezlerde saklanan bilgiler, \u00fc\u00e7\u00fcnc\u00fc taraf reklam sa\u011flay\u0131c\u0131lar\u0131 taraf\u0131ndan size taray\u0131c\u0131daki di\u011fer web sitelerinde de reklam g\u00f6stermek i\u00e7in kullan\u0131labilir.<\/p>\n<p>\u0130\u015flevsel: TBunlar, web sitemizdeki baz\u0131 \u00f6nemli olmayan i\u015flevlere yard\u0131mc\u0131 olan \u00e7erezlerdir. Bu i\u015flevler aras\u0131nda videolar gibi i\u00e7eriklerin g\u00f6m\u00fclmesi veya web sitesinin i\u00e7eri\u011finin sosyal medya platformlar\u0131nda payla\u015f\u0131lmas\u0131 yer al\u0131r.<\/p>\n<p>Tercihler: Bu \u00e7erezler, web sitesine gelecekteki ziyaretlerinizde daha iyi ve verimli bir deneyim ya\u015faman\u0131z i\u00e7in ayarlar\u0131n\u0131z\u0131 ve dil tercihleri \u200b\u200bgibi g\u00f6z atma tercihlerinizi saklamam\u0131za yard\u0131mc\u0131 olur. .<br><p>A\u015fa\u011f\u0131daki liste web sitemizde kullan\u0131lan \u00e7erezlerin ayr\u0131nt\u0131lar\u0131n\u0131 vermektedir.<\/p><table class=\"cookielawinfo-row-cat-table cookielawinfo-classic\"><thead><tr><th class=\"cookielawinfo-column-1\">Cookie<\/th><th class=\"cookielawinfo-column-2\">Type<\/th><th class=\"cookielawinfo-column-3\">Duration<\/th><th class=\"cookielawinfo-column-4\">Description<\/th><\/tr><\/thead><tbody><tr class=\"cookielawinfo-row\"><td class=\"cookielawinfo-column-1\">cookielawinfo-checbox-analytics<\/td><td class=\"cookielawinfo-column-2\">0<\/td><td class=\"cookielawinfo-column-3\">11 months<\/td><td class=\"cookielawinfo-column-4\">This cookie has been set by EMECSOL within the Scope of GDPR. The cookie is used to store user consent for cookies in the \"Analytics\" category.<\/td><\/tr><tr class=\"cookielawinfo-row\"><td class=\"cookielawinfo-column-1\">cookielawinfo-checbox-functional<\/td><td class=\"cookielawinfo-column-2\">0<\/td><td class=\"cookielawinfo-column-3\">11 months<\/td><td class=\"cookielawinfo-column-4\">The cookie is set with the cookie permission under the GPDR to save the user permission for cookies to the \"Functional\" category.<\/td><\/tr><tr class=\"cookielawinfo-row\"><td class=\"cookielawinfo-column-1\">cookielawinfo-checbox-others<\/td><td class=\"cookielawinfo-column-2\">0<\/td><td class=\"cookielawinfo-column-3\">11 months<\/td><td class=\"cookielawinfo-column-4\">This cookie has been set by EMECSOL within the Scope of GDPR. The cookie is used to store user consent for cookies in the \"Other\" category.<\/td><\/tr><tr class=\"cookielawinfo-row\"><td class=\"cookielawinfo-column-1\">cookielawinfo-checkbox-necessary<\/td><td class=\"cookielawinfo-column-2\">0<\/td><td class=\"cookielawinfo-column-3\">11 months<\/td><td class=\"cookielawinfo-column-4\">This cookie has been set by EMECSOL within the Scope of GDPR. Cookies are used to store user consent for cookies in the \"Required\" category.<\/td><\/tr><tr class=\"cookielawinfo-row\"><td class=\"cookielawinfo-column-1\">cookielawinfo-checkbox-performance<\/td><td class=\"cookielawinfo-column-2\">0<\/td><td class=\"cookielawinfo-column-3\">11 months<\/td><td class=\"cookielawinfo-column-4\">This cookie has been set by EMECSOL within the scope of KVKK. The cookie is used to store user consent for cookies in the \"Performance\" category.<\/td><\/tr><tr class=\"cookielawinfo-row\"><td class=\"cookielawinfo-column-1\">viewed_cookie_policy<\/td><td class=\"cookielawinfo-column-2\">0<\/td><td class=\"cookielawinfo-column-3\">11 months<\/td><td class=\"cookielawinfo-column-4\">The cookie is set by EMECSOL within the scope of GDPR and is used to store whether the user allows the use of cookies. It does not store any personal data.<\/td><\/tr><\/tbody><\/table><\/p>\n<\/div>\n<h3>\u00c7erez tercihlerini nas\u0131l kontrol edebilirim?<\/h3>\n<div>Daha sonra g\u00f6z atma oturumunuz arac\u0131l\u0131\u011f\u0131yla tercihlerinizi de\u011fi\u015ftirmeye karar verirseniz, ekran\u0131n\u0131zdaki &#8220;Gizlilik ve \u00c7erez Politikas\u0131&#8221; sekmesini t\u0131klayabilirsiniz. Bu, tercihlerinizi de\u011fi\u015ftirmenize veya onay\u0131n\u0131z\u0131 tamamen geri \u00e7ekmenize olanak tan\u0131yan onay bildirimini tekrar g\u00f6r\u00fcnt\u00fcleyecektir.\n<p>&nbsp;<\/p>\n<p>Buna ek olarak, farkl\u0131 taray\u0131c\u0131lar, web siteleri taraf\u0131ndan kullan\u0131lan tan\u0131mlama bilgilerini engellemek ve silmek i\u00e7in farkl\u0131 y\u00f6ntemler sunar. \u00c7erezleri engellemek \/ silmek i\u00e7in taray\u0131c\u0131n\u0131z\u0131n ayarlar\u0131n\u0131 de\u011fi\u015ftirebilirsiniz. \u00c7erezleri nas\u0131l y\u00f6netece\u011finiz ve silece\u011finiz hakk\u0131nda daha fazla bilgi edinmek i\u00e7in wikipedia.org adresini ziyaret edin. , www.allaboutcookies.org.<\/p>\n<\/div>\n<\/div>","protected":false},"excerpt":{"rendered":"<p>Bu \u00e7erez politikas\u0131 hakk\u0131nda Bu \u00c7erez Politikas\u0131, \u00e7erezlerin ne oldu\u011funu ve bunlar\u0131 nas\u0131l kulland\u0131\u011f\u0131m\u0131z\u0131, kulland\u0131\u011f\u0131m\u0131z \u00e7erez t\u00fcrlerini, \u00e7erezleri kullanarak toplad\u0131\u011f\u0131m\u0131z bilgileri ve bu bilgilerin nas\u0131l kullan\u0131ld\u0131\u011f\u0131n\u0131 ve \u00e7erez tercihlerinin nas\u0131l kontrol edilece\u011fini a\u00e7\u0131klar. Ki\u015fisel verilerinizi nas\u0131l kulland\u0131\u011f\u0131m\u0131z, saklad\u0131\u011f\u0131m\u0131z ve g\u00fcvende tuttu\u011fumuz hakk\u0131nda daha fazla bilgi i\u00e7in Gizlilik Politikam\u0131za bak\u0131n.Web sitemizdeki \u00c7erez Beyannamesi&#8217;ndeki onay\u0131n\u0131z\u0131 istedi\u011finiz zaman [&hellip;]<\/p>","protected":false},"author":1,"featured_media":0,"parent":0,"menu_order":0,"comment_status":"closed","ping_status":"closed","template":"","meta":{"footnotes":""},"yoast_head":"<!-- This site is optimized with the Yoast SEO plugin v23.5 - https:\/\/yoast.com\/wordpress\/plugins\/seo\/ -->\n<title>\u00c7erez Politikam\u0131z - KVKK - EMECSOL -<\/title>\n<meta name=\"description\" content=\"Bu \u00c7erez Politikas\u0131, \u00e7erezlerin ne oldu\u011funu ve bunlar\u0131 nas\u0131l kulland\u0131\u011f\u0131m\u0131z\u0131, kulland\u0131\u011f\u0131m\u0131z \u00e7erez t\u00fcrlerini, \u00e7erezleri kullanarak toplad\u0131\u011f\u0131m\u0131z bilgileri ve bu bilgilerin nas\u0131l kullan\u0131ld\u0131\u011f\u0131n\u0131 ve \u00e7erez tercihlerinin nas\u0131l kontrol edilece\u011fini a\u00e7\u0131klar.\" \/>\n<meta name=\"robots\" content=\"index, follow, max-snippet:-1, max-image-preview:large, max-video-preview:-1\" \/>\n<link rel=\"canonical\" href=\"https:\/\/emecsol.com\/en\/cerez-politikamiz\/\" \/>\n<meta property=\"og:locale\" content=\"en_GB\" \/>\n<meta property=\"og:type\" content=\"article\" \/>\n<meta property=\"og:title\" content=\"\u00c7erez Politikam\u0131z - KVKK - EMECSOL -\" \/>\n<meta property=\"og:description\" content=\"Bu \u00c7erez Politikas\u0131, \u00e7erezlerin ne oldu\u011funu ve bunlar\u0131 nas\u0131l kulland\u0131\u011f\u0131m\u0131z\u0131, kulland\u0131\u011f\u0131m\u0131z \u00e7erez t\u00fcrlerini, \u00e7erezleri kullanarak toplad\u0131\u011f\u0131m\u0131z bilgileri ve bu bilgilerin nas\u0131l kullan\u0131ld\u0131\u011f\u0131n\u0131 ve \u00e7erez tercihlerinin nas\u0131l kontrol edilece\u011fini a\u00e7\u0131klar.\" \/>\n<meta property=\"og:url\" content=\"https:\/\/emecsol.com\/en\/cerez-politikamiz\/\" \/>\n<meta property=\"og:site_name\" content=\"EMECSOL\" \/>\n<meta property=\"article:publisher\" content=\"https:\/\/www.facebook.com\/Emecsol-102837495112945\/\" \/>\n<meta property=\"article:modified_time\" content=\"2021-04-19T11:08:32+00:00\" \/>\n<meta name=\"twitter:card\" content=\"summary_large_image\" \/>\n<meta name=\"twitter:label1\" content=\"Estimated reading time\" \/>\n\t<meta name=\"twitter:data1\" content=\"3 minutes\" \/>\n<script type=\"application\/ld+json\" class=\"yoast-schema-graph\">{\"@context\":\"https:\/\/schema.org\",\"@graph\":[{\"@type\":\"WebPage\",\"@id\":\"https:\/\/emecsol.com\/cerez-politikamiz\/\",\"url\":\"https:\/\/emecsol.com\/cerez-politikamiz\/\",\"name\":\"\u00c7erez Politikam\u0131z - KVKK - EMECSOL -\",\"isPartOf\":{\"@id\":\"https:\/\/emecsol.com\/#website\"},\"datePublished\":\"2021-04-19T10:12:21+00:00\",\"dateModified\":\"2021-04-19T11:08:32+00:00\",\"description\":\"Bu \u00c7erez Politikas\u0131, \u00e7erezlerin ne oldu\u011funu ve bunlar\u0131 nas\u0131l kulland\u0131\u011f\u0131m\u0131z\u0131, kulland\u0131\u011f\u0131m\u0131z \u00e7erez t\u00fcrlerini, \u00e7erezleri kullanarak toplad\u0131\u011f\u0131m\u0131z bilgileri ve bu bilgilerin nas\u0131l kullan\u0131ld\u0131\u011f\u0131n\u0131 ve \u00e7erez tercihlerinin nas\u0131l kontrol edilece\u011fini a\u00e7\u0131klar.\",\"breadcrumb\":{\"@id\":\"https:\/\/emecsol.com\/cerez-politikamiz\/#breadcrumb\"},\"inLanguage\":\"en-GB\",\"potentialAction\":[{\"@type\":\"ReadAction\",\"target\":[\"https:\/\/emecsol.com\/cerez-politikamiz\/\"]}]},{\"@type\":\"BreadcrumbList\",\"@id\":\"https:\/\/emecsol.com\/cerez-politikamiz\/#breadcrumb\",\"itemListElement\":[{\"@type\":\"ListItem\",\"position\":1,\"name\":\"Anasayfa\",\"item\":\"https:\/\/emecsol.com\/\"},{\"@type\":\"ListItem\",\"position\":2,\"name\":\"\u00c7erez Politikam\u0131z\"}]},{\"@type\":\"WebSite\",\"@id\":\"https:\/\/emecsol.com\/#website\",\"url\":\"https:\/\/emecsol.com\/\",\"name\":\"EMECSOL\",\"description\":\"Empower your future\",\"publisher\":{\"@id\":\"https:\/\/emecsol.com\/#organization\"},\"potentialAction\":[{\"@type\":\"SearchAction\",\"target\":{\"@type\":\"EntryPoint\",\"urlTemplate\":\"https:\/\/emecsol.com\/?s={search_term_string}\"},\"query-input\":{\"@type\":\"PropertyValueSpecification\",\"valueRequired\":true,\"valueName\":\"search_term_string\"}}],\"inLanguage\":\"en-GB\"},{\"@type\":\"Organization\",\"@id\":\"https:\/\/emecsol.com\/#organization\",\"name\":\"EMECSOL Empower Your Future\",\"url\":\"https:\/\/emecsol.com\/\",\"logo\":{\"@type\":\"ImageObject\",\"inLanguage\":\"en-GB\",\"@id\":\"https:\/\/emecsol.com\/#\/schema\/logo\/image\/\",\"url\":\"http:\/\/emecsol.com\/wp-content\/uploads\/2021\/04\/EMECSOL-1.png\",\"contentUrl\":\"http:\/\/emecsol.com\/wp-content\/uploads\/2021\/04\/EMECSOL-1.png\",\"width\":861,\"height\":143,\"caption\":\"EMECSOL Empower Your Future\"},\"image\":{\"@id\":\"https:\/\/emecsol.com\/#\/schema\/logo\/image\/\"},\"sameAs\":[\"https:\/\/www.facebook.com\/Emecsol-102837495112945\/\",\"https:\/\/www.instagram.com\/emec.sol\/\",\"https:\/\/www.linkedin.com\/company\/emecsol\/\"]}]}<\/script>\n<!-- \/ Yoast SEO plugin. -->","yoast_head_json":{"title":"\u00c7erez Politikam\u0131z - KVKK - EMECSOL -","description":"Bu \u00c7erez Politikas\u0131, \u00e7erezlerin ne oldu\u011funu ve bunlar\u0131 nas\u0131l kulland\u0131\u011f\u0131m\u0131z\u0131, kulland\u0131\u011f\u0131m\u0131z \u00e7erez t\u00fcrlerini, \u00e7erezleri kullanarak toplad\u0131\u011f\u0131m\u0131z bilgileri ve bu bilgilerin nas\u0131l kullan\u0131ld\u0131\u011f\u0131n\u0131 ve \u00e7erez tercihlerinin nas\u0131l kontrol edilece\u011fini a\u00e7\u0131klar.","robots":{"index":"index","follow":"follow","max-snippet":"max-snippet:-1","max-image-preview":"max-image-preview:large","max-video-preview":"max-video-preview:-1"},"canonical":"https:\/\/emecsol.com\/en\/cerez-politikamiz\/","og_locale":"en_GB","og_type":"article","og_title":"\u00c7erez Politikam\u0131z - KVKK - EMECSOL -","og_description":"Bu \u00c7erez Politikas\u0131, \u00e7erezlerin ne oldu\u011funu ve bunlar\u0131 nas\u0131l kulland\u0131\u011f\u0131m\u0131z\u0131, kulland\u0131\u011f\u0131m\u0131z \u00e7erez t\u00fcrlerini, \u00e7erezleri kullanarak toplad\u0131\u011f\u0131m\u0131z bilgileri ve bu bilgilerin nas\u0131l kullan\u0131ld\u0131\u011f\u0131n\u0131 ve \u00e7erez tercihlerinin nas\u0131l kontrol edilece\u011fini a\u00e7\u0131klar.","og_url":"https:\/\/emecsol.com\/en\/cerez-politikamiz\/","og_site_name":"EMECSOL","article_publisher":"https:\/\/www.facebook.com\/Emecsol-102837495112945\/","article_modified_time":"2021-04-19T11:08:32+00:00","twitter_card":"summary_large_image","twitter_misc":{"Estimated reading time":"3 minutes"},"schema":{"@context":"https:\/\/schema.org","@graph":[{"@type":"WebPage","@id":"https:\/\/emecsol.com\/cerez-politikamiz\/","url":"https:\/\/emecsol.com\/cerez-politikamiz\/","name":"\u00c7erez Politikam\u0131z - KVKK - EMECSOL -","isPartOf":{"@id":"https:\/\/emecsol.com\/#website"},"datePublished":"2021-04-19T10:12:21+00:00","dateModified":"2021-04-19T11:08:32+00:00","description":"Bu \u00c7erez Politikas\u0131, \u00e7erezlerin ne oldu\u011funu ve bunlar\u0131 nas\u0131l kulland\u0131\u011f\u0131m\u0131z\u0131, kulland\u0131\u011f\u0131m\u0131z \u00e7erez t\u00fcrlerini, \u00e7erezleri kullanarak toplad\u0131\u011f\u0131m\u0131z bilgileri ve bu bilgilerin nas\u0131l kullan\u0131ld\u0131\u011f\u0131n\u0131 ve \u00e7erez tercihlerinin nas\u0131l kontrol edilece\u011fini a\u00e7\u0131klar.","breadcrumb":{"@id":"https:\/\/emecsol.com\/cerez-politikamiz\/#breadcrumb"},"inLanguage":"en-GB","potentialAction":[{"@type":"ReadAction","target":["https:\/\/emecsol.com\/cerez-politikamiz\/"]}]},{"@type":"BreadcrumbList","@id":"https:\/\/emecsol.com\/cerez-politikamiz\/#breadcrumb","itemListElement":[{"@type":"ListItem","position":1,"name":"Anasayfa","item":"https:\/\/emecsol.com\/"},{"@type":"ListItem","position":2,"name":"\u00c7erez Politikam\u0131z"}]},{"@type":"WebSite","@id":"https:\/\/emecsol.com\/#website","url":"https:\/\/emecsol.com\/","name":"EMECSOL","description":"Empower your future","publisher":{"@id":"https:\/\/emecsol.com\/#organization"},"potentialAction":[{"@type":"SearchAction","target":{"@type":"EntryPoint","urlTemplate":"https:\/\/emecsol.com\/?s={search_term_string}"},"query-input":{"@type":"PropertyValueSpecification","valueRequired":true,"valueName":"search_term_string"}}],"inLanguage":"en-GB"},{"@type":"Organization","@id":"https:\/\/emecsol.com\/#organization","name":"EMECSOL Empower Your Future","url":"https:\/\/emecsol.com\/","logo":{"@type":"ImageObject","inLanguage":"en-GB","@id":"https:\/\/emecsol.com\/#\/schema\/logo\/image\/","url":"http:\/\/emecsol.com\/wp-content\/uploads\/2021\/04\/EMECSOL-1.png","contentUrl":"http:\/\/emecsol.com\/wp-content\/uploads\/2021\/04\/EMECSOL-1.png","width":861,"height":143,"caption":"EMECSOL Empower Your Future"},"image":{"@id":"https:\/\/emecsol.com\/#\/schema\/logo\/image\/"},"sameAs":["https:\/\/www.facebook.com\/Emecsol-102837495112945\/","https:\/\/www.instagram.com\/emec.sol\/","https:\/\/www.linkedin.com\/company\/emecsol\/"]}]}},"_links":{"self":[{"href":"https:\/\/emecsol.com\/en\/wp-json\/wp\/v2\/pages\/1288"}],"collection":[{"href":"https:\/\/emecsol.com\/en\/wp-json\/wp\/v2\/pages"}],"about":[{"href":"https:\/\/emecsol.com\/en\/wp-json\/wp\/v2\/types\/page"}],"author":[{"embeddable":true,"href":"https:\/\/emecsol.com\/en\/wp-json\/wp\/v2\/users\/1"}],"replies":[{"embeddable":true,"href":"https:\/\/emecsol.com\/en\/wp-json\/wp\/v2\/comments?post=1288"}],"version-history":[{"count":2,"href":"https:\/\/emecsol.com\/en\/wp-json\/wp\/v2\/pages\/1288\/revisions"}],"predecessor-version":[{"id":1291,"href":"https:\/\/emecsol.com\/en\/wp-json\/wp\/v2\/pages\/1288\/revisions\/1291"}],"wp:attachment":[{"href":"https:\/\/emecsol.com\/en\/wp-json\/wp\/v2\/media?parent=1288"}],"curies":[{"name":"wp","href":"https:\/\/api.w.org\/{rel}","templated":true}]}}